{"id":602,"date":"2020-03-03T11:25:26","date_gmt":"2020-03-03T10:25:26","guid":{"rendered":"http:\/\/www.cepam.cnrs.fr\/sites\/zoomathia\/?page_id=602"},"modified":"2022-10-03T12:30:58","modified_gmt":"2022-10-03T10:30:58","slug":"ressources","status":"publish","type":"page","link":"https:\/\/www.cepam.cnrs.fr\/sites\/zoomathia\/ressources\/","title":{"rendered":"Ressources"},"content":{"rendered":"<h2>Publications r\u00e9centes<\/h2>\n<ul>\n<li>2022. A. KOVACS,\u00a0<em>Refuser la nourriture carn\u00e9e.<\/em><em>V\u00e9g\u00e9tarisme et pratiques civiques en Gr\u00e8ce\u00a0<\/em><em>ancienne<\/em>.\u00a0Site :\n<div><a href=\"https:\/\/ausoniuseditions.u-bordeaux-montaigne.fr\/a-paraitre?auteur=Alexandra+Kovacs\" contenteditable=\"false\" title=\"https:\/\/ausoniuseditions.u-bordeaux-montaigne.fr\/a-paraitre?auteur=Alexandra+Kovacs\">https:\/\/ausoniuseditions.u-bordeaux-montaigne.fr\/a-paraitre?auteur=Alexandra+Kovacs<\/a><\/div>\n<\/li>\n<li>2021. Sydney H. AUFRERE et Cathie SPIESER, <em>Le microcosme animal en \u00c9gypte ancienne: de l&rsquo;effroi a la v\u00e9n\u00e9ration: \u00c9tude d&rsquo;arch\u00e9o- et ethnoarthropodologie culturelle.<br \/>\n<\/em><span style=\"font-size: revert;\"><\/span><a href=\"https:\/\/www.peeters-leuven.be\/detail.php?search_key=9789042940239&amp;series_number_str=297&amp;lang=fr\">https:\/\/www.peeters-leuven.be\/detail.php?search_key=9789042940239&amp;series_number_str=297&amp;lang=fr<\/a><\/li>\n<li>2021. Thierry BUQUET, Brigitte GAUVIN, Catherine JACQUEMARD (dir.), <em>Animaux marins. Savoirs arabes et transmission dans le monde latin<\/em>, <em>M\u00e9di\u00e9vales<\/em>, 80, 2021.<br \/>\n<a href=\"https:\/\/journals.openedition.org\/medievales\/11219\">https:\/\/journals.openedition.org\/medievales\/11219<\/a><\/li>\n<li>2021. Anne-Marie FLAMBARD-HERICHER et Fran\u00e7ois BLARY (\u00e9d.), <em>L\u2019animal et l\u2019homme : de l\u2019exploitation \u00e0 la sauvegarde<\/em>.<br \/>\n<a href=\"https:\/\/books.openedition.org\/cths\/15485?lang=fr\">https:\/\/books.openedition.org\/cths\/15485?lang=fr<\/a><\/li>\n<li>2019. Faisal KENANAH, <em>Ab\u00fb Hayy\u00e2n al-Tawh\u00eed\u00ee. Les traits de caract\u00e8re des hommes et des animaux dans le Kit\u00e2b al-Imt\u00e2&rsquo; wa-I-mu&rsquo;\u00e2nasa. Pr\u00e9sent\u00e9, traduit de l&rsquo;arabe et annot\u00e9 par Faisal Kenanah<\/em>.<br \/>\n<a href=\"https:\/\/www.editions-harmattan.fr\/livre-abu_hayyan_al_tawhidi_les_traits_de_caractere_des_hommes_et_des_animaux_dans_le_kitab_al_imta_wa_i_mu_anasa_faisal_kenanah-9782343190174-64656.html\">https:\/\/www.editions-harmattan.fr\/livre-abu_hayyan_al_tawhidi_les_traits_de_caractere_des_hommes_et_des_animaux_dans_le_kitab_al_imta_wa_i_mu_anasa_faisal_kenanah-9782343190174-64656.html<\/a><\/li>\n<li>\n<div>2022. Meyssa BEN SAAD, Ordonner la diversit\u00e9 du vivant dans le Kit\u00e2b<\/div>\n<div>al-Hayaw\u00e2n d&rsquo;al-G\u00e2hiz (776-868). Zoologie et connaissance du vivant dans<\/div>\n<div>les sciences arabes m\u00e9di\u00e9vales<\/div>\n<div><a href=\"https:\/\/rmblf.be\/2022\/02\/19\/publication-meyssa-ben-saad-ordonner-la-diversite-du-vivant-dans-le-kitab-al-%E1%B8%A5ayawan-dal-ga%E1%B8%A5i%E1%BA%93-776-868-zoologie-et-connaissance-du-vivant-dans-les-scie\/\" contenteditable=\"false\" title=\"https:\/\/rmblf.be\/2022\/02\/19\/publication-meyssa-ben-saad-ordonner-la-diversite-du-vivant-dans-le-kitab-al-%E1%B8%A5ayawan-dal-ga%E1%B8%A5i%E1%BA%93-776-868-zoologie-et-connaissance-du-vivant-dans-les-scie\/\">https:\/\/rmblf.be\/2022\/02\/19\/publication-meyssa-ben-saad-ordonner-la-diversite-du-vivant-dans-le-kitab-al-%E1%B8%A5ayawan-dal-ga%E1%B8%A5i%E1%BA%93-776-868-zoologie-et-connaissance-du-vivant-dans-les-scie\/<\/a><\/div>\n<\/li>\n<li>\n<div>2022. Pierre PELLEGRIN, Des animaux dans le monde. Cinq questions sur la<\/div>\n<div>biologie d\u2019Aristote<\/div>\n<div><a href=\"https:\/\/www.cnrseditions.fr\/catalogue\/philosophie-et-histoire-des-idees\/des-animaux-dans-le-monde\/\" contenteditable=\"false\" title=\"https:\/\/www.cnrseditions.fr\/catalogue\/philosophie-et-histoire-des-idees\/des-animaux-dans-le-monde\/\">https:\/\/www.cnrseditions.fr\/catalogue\/philosophie-et-histoire-des-idees\/des-animaux-dans-le-monde\/<\/a><\/div>\n<\/li>\n<li>\n<div><\/div>\n<div>2022. Claudia ZATTA, _Aristotle and the Animals. The Logos of Life Itself_<\/div>\n<div><a href=\"https:\/\/www.routledge.com\/Aristotle-and-the-Animals-The-Logos-of-Life-Itself\/Zatta\/p\/book\/9780367409494\" contenteditable=\"false\" title=\"https:\/\/www.routledge.com\/Aristotle-and-the-Animals-The-Logos-of-Life-Itself\/Zatta\/p\/book\/9780367409494\">https:\/\/www.routledge.com\/Aristotle-and-the-Animals-The-Logos-of-Life-Itself\/Zatta\/p\/book\/9780367409494<\/a><\/div>\n<\/li>\n<li>\n<div>2022. The journal Anthropozoologica, which used to be published annualy,<\/div>\n<div>is now a fast-track journal.\u00a0Here are the most recent issues, on dama gazelle and the origin of dog :<\/div>\n<div><a href=\"https:\/\/sciencepress.mnhn.fr\/en\/periodiques\/anthropozoologica\" contenteditable=\"false\" title=\"https:\/\/sciencepress.mnhn.fr\/en\/periodiques\/anthropozoologica\">https:\/\/sciencepress.mnhn.fr\/en\/periodiques\/anthropozoologica<\/a><\/div>\n<\/li>\n<li>2020. Anthropozoologica. Appr\u00e9hender les cat\u00e9gories zoologiques dans les soci\u00e9t\u00e9s du pass\u00e9 coordonn\u00e9e par Axelle BR\u00c9MONT et al. Many interesting papers on : <a href=\"http:\/\/sciencepress.mnhn.fr\/fr\/periodiques\/anthropozoologica\">http:\/\/sciencepress.mnhn.fr\/fr\/periodiques\/anthropozoologica<\/a><\/li>\n<li>2020. Kindt J., Animals in Ancient Greek Religion, Routledge. <a href=\"https:\/\/books.google.fr\/\">https:\/\/books.google.fr\/<\/a><\/li>\n<li>2020. Philipp Stahlhut; Paul-Gerhard Veh, Claudius Aelianus: Vom Wesen der Tiere. De Natura Animalium. Band 1: B\u00fccher I-VIII. Bibliothek der Griechischen Literatur, Band 90. Stuttgart: Anton Hirsemann Verlag, 2020. Pp. xxiv, 283. ISBN: 9783777219042. \u20ac174,00. <a href=\"https:\/\/bmcr.brynmawr.edu\/2020\/2020.11.16\/\">https:\/\/bmcr.brynmawr.edu\/2020\/2020.11.16\/<\/a><\/li>\n<li>2020. E. Baratay (ed.), Croiser les sciences pour lire les animaux, \u00c9ditions de la Sorbonne, octobre 2020 (following in the same series: Aux sources de l\u2019histoire animale, E. Baratay (ed.), \u00c9ditions de la Sorbonne, 2019 (<a href=\"http:\/\/www.editionsdelasorbonne.fr\/fr\/livre\/?GCOI=28405100142710\">http:\/\/www.editionsdelasorbonne.fr\/fr\/livre\/?GCOI=28405100142710<\/a>)<\/li>\n<li>2020. Philologia Antiqua, 13, 2020, issue on Aelian, Characteristics of Animals\/Personnalit\u00e9 des animaux : Elien en contexte : rh\u00e9torique, pratique de l \u2019argumentation et savoir naturaliste. <a href=\"http:\/\/www.libraweb.net\/articoli.php?chiave=202004601&amp;rivista=46\">http:\/\/www.libraweb.net\/articoli.php?chiave=202004601&amp;rivista=46<\/a><\/li>\n<li>2020. Hedwig Schmalzgruber (Hg.), Speaking Animals in Ancient Literature [Kalliope \u2013 Studien zur griechischen und lateinischen Poesie, 20], Universit\u00e4tsverlag Winter, Heidelberg.<\/li>\n<li>2020. Remy Cordonnier : \u00ab\u00a0Images mn\u00e9motechniques et enseignement claustral : le cas du Trait\u00e9 des oiseaux de Hugues de Fouilloy (v. 1160) et de quelques clo\u00eetres histori\u00e9s du XIIe si\u00e8cle\u00a0\u00bb, Les Cahiers de Saint-Michel de Cuxa, LI, 83-99. <a href=\"http:\/\/www.deboccard.com\/fr\/category\/16038-Produit-9782956848714.html\">http:\/\/www.deboccard.com\/fr\/category\/16038-Produit-9782956848714.html<\/a><\/li>\n<li>2020. Pietro Li Causi, \u00ab\u00a0La &lsquo;guerra&rsquo; contro il virus e il topos della guerra giusta contro gli animali: una riflessione eco-critica attraverso il pensiero filosofico dei Greci\u00a0\u00bb, in ClassicoContemporaneo &#8211; Orizzonti 6, 2020, 67-114. <a href=\"https:\/\/www.classicocontemporaneo.eu\/index.php\/198-numero-6\/orizzonti-6\/475-la-guerra-contro-il-virus-e-il-topos-della-guerra-giusta-contro-gli-animali-una-riflessione-eco-critica-attraverso-il-pensiero-filosofico-dei-greci\">https:\/\/www.classicocontemporaneo.eu\/index.php\/198-numero-6\/orizzonti-6\/475-la-guerra-contro-il-virus-e-il-topos-della-guerra-giusta-contro-gli-animali-una-riflessione-eco-critica-attraverso-il-pensiero-filosofico-dei-greci<\/a><\/li>\n<li>2020. Pietro Li Causi, \u00ab\u00a0I virus, i classici, il corpo, le bussole\u00a0\u00bb, in ClassicoContemporaneo &#8211; Orizzonti 6, 2020, 1-9. <a href=\"https:\/\/www.classicocontemporaneo.eu\/index.php\/198-numero-6\/orizzonti-6\/479-il-virus-i-classici-il-corpo-le-bussole\">https:\/\/www.classicocontemporaneo.eu\/index.php\/198-numero-6\/orizzonti-6\/479-il-virus-i-classici-il-corpo-le-bussole<\/a><\/li>\n<li>2020. Charles M.B., \u00ab\u00a0The African Elephants of Antiquity Revisited: Habitat and Representational Evidence \u00bb, Historia 69 (4), 392-407(16). <a href=\"https:\/\/www.ingentaconnect.com\/content\/fsv\/histori\/2020\/00000069\/00000004\/art00001\">https:\/\/www.ingentaconnect.com\/content\/fsv\/histori\/2020\/00000069\/00000004\/art00001<\/a><\/li>\n<li>2020. Christian Heck, \u00ab Monks and Ants in the Presence of Death : A Re-Reading of Pliny the Elder in Quattrocento Illumination \u00bb, in Illuminating the Middle Ages. Tributes to Prof. John Lowden from his Students, Friends and Colleagues, \u00e9d. Laura Cleaver, Alixe Bovey, Lucy Donkin, Brill, Leiden-Boston, 2020 (Library of the Written Word, 79 ; The Manuscript World, 12), 341-351. <a href=\"https:\/\/brill.com\/view\/book\/edcoll\/9789004422339\/BP000023.xml\">https:\/\/brill.com\/view\/book\/edcoll\/9789004422339\/BP000023.xml<\/a><\/li>\n<li>2020. Bowie, A., \u00ab\u00a0The ritual role of honey in ancient Egypt, Hatti and Greece\u00a0\u00bb, ISTRA\u017dIVANJA, \u0408ournal of Historical Researches 31. <a href=\"http:\/\/istrazivanja.ff.uns.ac.rs\/index.php\/istr\/article\/view\/2150\">http:\/\/istrazivanja.ff.uns.ac.rs\/index.php\/istr\/article\/view\/2150<\/a><\/li>\n<li>2020. Roche K. Et al. \u00ab\u00a0Ancient parasites from a peat bog: New insights into animal presence and husbandry in Crete over the past 2000 years\u00a0\u00bb, The Holocene 30 (9), 1243-1253. <a href=\"https:\/\/journals.sagepub.com\/doi\/10.1177\/0959683620919984\">https:\/\/journals.sagepub.com\/doi\/10.1177\/0959683620919984<\/a><\/li>\n<li>2020. Taronas, Katherine May. \u201cBeautiful Beings in Air, Fields, and Water\u201d: An Iconography of Saints and Animals in Late Antiquity. Doctoral dissertation, Harvard University, Graduate School of Arts &amp; Sciences. <a href=\"https:\/\/dash.harvard.edu\/handle\/1\/37365936\">https:\/\/dash.harvard.edu\/handle\/1\/37365936<\/a><\/li>\n<li>2020. Van den Hurk Y. \u00ab\u00a0Medieval Whalers in the Netherlands and Flanders: Zooarchaeological Analysis of Medieval Cetacean Remains\u00a0\u00bb, Environmental Archaeology. <a href=\"https:\/\/www.tandfonline.com\/doi\/full\/10.1080\/14614103.2020.1829296\">https:\/\/www.tandfonline.com\/doi\/full\/10.1080\/14614103.2020.1829296<\/a><\/li>\n<li>2020. I. M. Nikolsky, \u00ab\u00a0Images of animals from historia naturalis in political rhetoric of late antiquity: blossius aemilius dracontius\u2019 lion \u00bb, Shabi-Steps 6 (1), 158-167. https:\/\/www.elibrary.ru\/contents.asp?id=42734062<br \/>\n2020. Harris N., The Thirteenth-Century Animal Turn: Medieval and Twenty-First-Century, MacMillan. <a href=\"https:\/\/books.google.fr\/\">https:\/\/books.google.fr\/<\/a><\/li>\n<li>2020. Toivanen J. Chapter 5 The Social and Political Nature of Animals, in The Political Animal in Medieval Philosophy, 237\u2013280. <a href=\"https:\/\/brill.com\/view\/book\/9789004438460\/BP000006.xml\">https:\/\/brill.com\/view\/book\/9789004438460\/BP000006.xml<\/a><\/li>\n<li>2020. Puneet Sood, \u00ab\u00a0Biogeographical distribution of asiatic lion (panthera leo persica), cheetah (acinonyx jubatus venaticus) in ancient, medieval &amp; modern Rajasthan: study of plans to relocate them in Rajasthan\u00a0\u00bb, Indian Journal of Environmental Sciences 24(1), 35-41. <a href=\"http:\/\/www.ijesonline.co.in\/wp-content\/uploads\/2020\/05\/Puneet-Sood-35-41.pdf\">http:\/\/www.ijesonline.co.in\/wp-content\/uploads\/2020\/05\/Puneet-Sood-35-41.pdf<\/a><\/li>\n<li>2019. Abeilles: une histoire intime avec l\u2019humanit\u00e9, M. Regert (\u00e9d.), Paris : CNRS, Cherche midi ed. <a href=\"http:\/\/www.cnrs.fr\/fr\/abeilles-une-histoire-intime-avec-lhumanite\">http:\/\/www.cnrs.fr\/fr\/abeilles-une-histoire-intime-avec-lhumanite<\/a><\/li>\n<li>2019. Pietro Li Causi, Recensione a A. Angelini, Dal Leviatano al drago. Mostri marini e zoologia antica fra Grecia e Levante, Il Mulino, Bologna 2018 in \u00abAsdiwal\u00bb, 4, 2019, 229-231. <a href=\"https:\/\/www.persee.fr\/doc\/asdi_1662-4653_2019_num_14_1_1168_t19_0229_0000_1\">https:\/\/www.persee.fr\/doc\/asdi_1662-4653_2019_num_14_1_1168_t19_0229_0000_1<\/a><\/li>\n<li>2019 Cristiana Franco, \u00ab\u00a0Dogs and Humans in Ancient Greece and Rome. Towards a Definition of Extended Appropriate Interaction\u201d, in A. Matsuoka and J. Sorenson (Eds.), Dog\u2019s Best Friend? Rethinking Canid-Human Relations, Montreal: McGill-Queen\u2019s University Press, 2019, 33-58. <a href=\"https:\/\/www.academia.edu\/41266371\/Dogs_and_Humans_in_Ancient_Greece_and_Rome_Towards_a_Definition_of_Extended_Appropriate_Interaction\">https:\/\/www.academia.edu\/41266371\/Dogs_and_Humans_in_Ancient_Greece_and_Rome_Towards_a_Definition_of_Extended_Appropriate_Interaction<\/a><\/li>\n<li>2019. Cristiana Franco, \u00ab\u00a0Opposizioni di genere e polarizzazioni culturali. Il caso di \u03c7\u03ae\u03bd nell\u2019 Onirocritica di Artemidoro di Daldi\u00a0\u00bb, in Studi italiani di filologia classica 2019.1, pp. 34-57. <a href=\"https:\/\/www.academia.edu\/40279837\/Opposizioni_di_genere_e_polarizzazioni_culturali_Il_caso_di_%CF%87%CE%AE%CE%BD_nellOnirocritica_di_Artemidoro_di_Daldi\">https:\/\/www.academia.edu\/40279837\/Opposizioni_di_genere_e_polarizzazioni_culturali_Il_caso_di_%CF%87%CE%AE%CE%BD_nellOnirocritica_di_Artemidoro_di_Daldi<\/a><\/li>\n<li>\n<div class=\"\">ANIMALIA : Research and study group on human-animal relations in Antiquity<\/div>\n<div class=\"\"><a href=\"https:\/\/animalia-has.org\/?lang=en\" class=\"\" target=\"_blank\" rel=\"noopener noreferrer\">https:\/\/animalia-has.org\/?lang=en<\/a><\/div>\n<\/li>\n<li>A new Facebook group and two Facebook Pages devoted to the study of animals in Greco-Roman Antiquity has been created. The full title is \u2018Zoa-Animals in Greco-Roman Antiquity\u2019 (2020), by Prof. Kenneth Kitchell.<\/li>\n<li>S. Lazaris (\u00e9d.), <a href=\"https:\/\/brill.com\/view\/title\/55705\">A Companion to Byzantine Science<\/a>, Leyde, Brill, 2020, with chapters on \u00ab Veterinary Medecine \u00bb (S. Lazaris) and \u00ab Zoology \u00bb (A.Zucker).<\/li>\n<li>Morborum et signa et causas praedicere curasque monstrare.\u00a0La medicina veterinaria nel mondo antico e medievale.\u00a0Atti del V Convegno Internazionale\u00a0Monaco di Baviera, 29-31 marzo 2017,\u00a0a cura di\u00a0Lisa Sannicandro e Martina Schwarzenberger,<br \/>\n<strong>O<\/strong><b class=\"\">nline<\/b>:\u00a0<a class=\"\" title=\"http:\/\/www.commentariaclassica.altervista.org\/Commentaria_Classica\/V_-_2018_(Supplemento).html\" href=\"http:\/\/www.commentariaclassica.altervista.org\/Commentaria_Classica\/V_-_2018_(Supplemento).html\">http:\/\/www.commentariaclassica.altervista.org\/Commentaria_Classica\/V_-_2018_(Supplemento).html<\/a><\/li>\n<li>Dominik Berrens, Soziale Insekten in der Antike: Ein Beitrag zu Naturkonzepten in der griechisch-r\u00f6mischen Kultur. Hypomnemata, Band 205. G\u00f6ttingen: Vandenhoeck and Ruprecht Verlag, 2018. Pp. 459. ISBN 9783525310533. \u20ac100,00. ISBN 9783647310534. ebook.<\/li>\n<li>Maaike Groot, Livestock for Sale: Animal Husbandry in a Roman Frontier Zone: The Case Study of the &lsquo;Civitas Batavorum&rsquo;. Amsterdam Archaeological Studies, 24. Amsterdam: Amsterdam University Press, 2016. Pp. vii, 254. ISBN 9789462980808. $124.00<\/li>\n<li>Heinemann, Gottfried and Rainer Timme (edd.). Aristoteles und die heutige Biologie: vergleichende Studien. Lebenswissenschaften im Dialog, 17. Freiburg; M\u00fcnchen: Verlag Karl Alber, 2017<\/li>\n<li>Johnston, Patricia A., Attilio Mastrocinque and Sophia Papaioannou (edd.). Animals in Greek and Roman religion and myth. Newcastle upon Tyne: Cambridge Scholars Publishing, 2016.<\/li>\n<li>Stavros Lazaris, Le Physiologus grec, t. 1. La r\u00e9\u00e9criture de l&rsquo;histoire naturelle antique, Paris, 2016. Sismel &#8211; Edizioni del Galluzzo<br \/>\nCollection : Micrologus&rsquo; Library 77, XXII + 178 pages. ISBN : 978-88-8450-738-9. 40 euros<\/li>\n<li>Article r\u00e9dig\u00e9 pour les \u00c9chos du Craham (d\u00e9cembre 2015) \u00e0 propos de Zoomathia. Pour consulter les \u00c9chos du Craham : http:\/\/www.unicaen.fr\/crahm\/spip.php?article814<\/li>\n<li>\u00ab\u00a0L&rsquo;anima degli animali (Aristotele, frammenti stoici, Plutarco, Porfirio) \u00bbMillenni, Einaudi 2015 &#8211; ISBN 9788806211011, A cura di Pietro LI CAUSI e Roberto POMELLI, Illustrazioni di Alessandro SANNA<\/li>\n<li>Ebauche de bibliographie sur l&rsquo;histoire de l&rsquo;animal en islam (p\u00e9riodes m\u00e9di\u00e9vale et ottomane), sur Medieval animal data-network. Lien http:\/\/mad.hypotheses.org\/715<\/li>\n<li>Eric Baratay, <em>Des b\u00eates et des dieux, les animaux dans la religion<\/em>, Cerf, 2015<\/li>\n<li>Eric Baratay, <em>\u00c9glise et l\u2019animal XVII-XXIe<\/em>, Cerf, 2015 (seconde \u00e9dition, actualis\u00e9e)<\/li>\n<li>Animali maestri : un sondaggio zooantropologico sul De natura animalium di Claudio Eliano \u00bb dans I Quaderni del Ramo d&rsquo;Oro on-line n.6 (2013\/2014), pp. 130-160 (<a href=\"http:\/\/www.qro.unisi.it\/frontend\/node\/172\">http:\/\/www.qro.unisi.it\/frontend\/node\/172<\/a>)<\/li>\n<li>Jean-Fran\u00e7ois Lhermitte, <em>L&rsquo;Animal vertueux dans la philosophie antique \u00e0 l&rsquo;\u00e9poque imp\u00e9riale<\/em>, 2015, Paris : Classiques Garnier, 545 p., 39\u20ac<\/li>\n<li>P. Li Causi (a cura di), R. Pomelli (a cura di), A. Sanna (Illustratore). \u00ab\u00a0L&rsquo;anima degli animali. Aristotele, frammenti stoici, Plutarco, Porfirio\u00a0\u00bb, 2015, 632p.<\/li>\n<li>Sara Petrella &amp; Aldo Trucchio. \u201cL\u2019hybride en images. D\u00e9placements progressifs de la fronti\u00e8re entre homme et animal\u201d, <em>Scienza e Filosofia<\/em>, 12, 2014, p. 162-184.<\/li>\n<li>Kenneth F. Kitchell, Jr., <em>Animals in the Ancient World from A to Z. The ancient world from A to Z<\/em>. London; New York: Routledge, 2014. Pp. xxv, 257. ISBN 9780415392433. $115.00 (voir : <a href=\"http:\/\/bmcr.brynmawr.edu\/2014\/2014-04-28.html\">http:\/\/bmcr.brynmawr.edu\/2014\/2014-04-28.html<\/a>)<\/li>\n<li>C\u00e9line Boutantin, Terres cuites et culte domestique: Bestiaire de l&rsquo;\u00c9gypte gr\u00e9co-romaine. Religions in the Graeco-Roman World volume 179. Leiden, Boston: Brill, 2014. Pp. 642. ISBN 9789004262034. $263.00.Quelques liens de r\u00e9f\u00e9rences<\/li>\n<li><a href=\"http:\/\/archeozoo-archeobota.mnhn.fr\/spip.php?article79&amp;lang=fr\">Anthropozoologica : Revue interdisciplinaire lanc\u00e9e par l\u2019association \u00ab L\u2019Homme et l\u2019Animal, Soci\u00e9t\u00e9 de Recherche Interdisciplinaire \u00bb (HASRI)<\/a><\/li>\n<li><a href=\"http:\/\/www.cepam.cnrs.fr\/\">Culture Environnements. Pr\u00e9histoire, Antiquit\u00e9, Moyen \u00c2ge UMR 7264 &#8211; CNRS<\/a><\/li>\n<li><a href=\"http:\/\/www.cepam.cnrs.fr\/spip.php?rubrique233\">S\u00e9minaires de l\u2019axe transversal Zootechnies, CEPAM, UMR 7264<\/a><\/li>\n<li><a href=\"http:\/\/www.encyclopaedia-animalium.germanistik.uni-mainz.de\/aktivitaeten.html\">Animaliter : Site et projet sur les animaux dans la litt\u00e9rature du Moyen \u00c2ge. \u00ab\u00a0Tiere in der Literatur des Mittelalters. Ein interdisziplin\u00e4res Lexikon\u00a0\u00bb<\/a><\/li>\n<li><a href=\"http:\/\/medievistique.univ-lorraine.fr\/contentId%3D7846\">Programme Sourcencyme (les encyclop\u00e9dies latines m\u00e9di\u00e9vales)<\/a><\/li>\n<li><a href=\"http:\/\/digitalhps.org\/\">Consortium Digital history and philosophy of science<\/a><\/li>\n<li><a href=\"http:\/\/theuth.univ-rennes1.fr\/\">French network on Epistemology and History of science<\/a><\/li>\n<li><a href=\"http:\/\/www.biodiversitylibrary.org\">Many books on the biodiversity literature<\/a><\/li>\n<li><a href=\"http:\/\/eol.org\/\">Special mention to the EOL (encyclopedia of life), that could be a regular hyperlink for the annotation of the texts : Global access to knowledge about life on Earth<\/a><\/li>\n<li><a href=\"http:\/\/archimedes.fas.harvard.edu\/\">International project of Harvard designed to integrate research and knowledge dissemination in new ways and to serve as a proof-of-concept project for open digital libraries on topics in the history of science<\/a><\/li>\n<li><a href=\"https:\/\/networks.h-net.org\/h-animal\">On-line home for scholars engaged on the study of animals in human culture (part of the network Humanities and Social Sciences online)<\/a><\/li>\n<li><a href=\"http:\/\/www.biblissima-condorcet.fr\/\">Biblissima, un observatoire du patrimoine \u00e9crit du Moyen \u00c2ge et de la Renaissance <\/a><\/li>\n<\/ul>\n","protected":false},"excerpt":{"rendered":"<p>Publications r\u00e9centes 2022. A. KOVACS,\u00a0Refuser la nourriture carn\u00e9e.V\u00e9g\u00e9tarisme et pratiques civiques en Gr\u00e8ce\u00a0ancienne.\u00a0Site : https:\/\/ausoniuseditions.u-bordeaux-montaigne.fr\/a-paraitre?auteur=Alexandra+Kovacs 2021. Sydney H. AUFRERE et Cathie SPIESER, Le microcosme animal en \u00c9gypte ancienne: de l&rsquo;effroi a la v\u00e9n\u00e9ration: \u00c9tude d&rsquo;arch\u00e9o- et ethnoarthropodologie culturelle. https:\/\/www.peeters-leuven.be\/detail.php?search_key=9789042940239&amp;series_number_str=297&amp;lang=fr 2021. Thierry BUQUET, Brigitte GAUVIN, Catherine JACQUEMARD (dir.), Animaux marins. Savoirs [&hellip;]<\/p>\n","protected":false},"author":1,"featured_media":0,"parent":0,"menu_order":0,"comment_status":"closed","ping_status":"closed","template":"page-templates\/template-page-sidebar.php","meta":{"footnotes":""},"categories":[14,5],"tags":[],"_links":{"self":[{"href":"https:\/\/www.cepam.cnrs.fr\/sites\/zoomathia\/wp-json\/wp\/v2\/pages\/602"}],"collection":[{"href":"https:\/\/www.cepam.cnrs.fr\/sites\/zoomathia\/wp-json\/wp\/v2\/pages"}],"about":[{"href":"https:\/\/www.cepam.cnrs.fr\/sites\/zoomathia\/wp-json\/wp\/v2\/types\/page"}],"author":[{"embeddable":true,"href":"https:\/\/www.cepam.cnrs.fr\/sites\/zoomathia\/wp-json\/wp\/v2\/users\/1"}],"replies":[{"embeddable":true,"href":"https:\/\/www.cepam.cnrs.fr\/sites\/zoomathia\/wp-json\/wp\/v2\/comments?post=602"}],"version-history":[{"count":12,"href":"https:\/\/www.cepam.cnrs.fr\/sites\/zoomathia\/wp-json\/wp\/v2\/pages\/602\/revisions"}],"predecessor-version":[{"id":792,"href":"https:\/\/www.cepam.cnrs.fr\/sites\/zoomathia\/wp-json\/wp\/v2\/pages\/602\/revisions\/792"}],"wp:attachment":[{"href":"https:\/\/www.cepam.cnrs.fr\/sites\/zoomathia\/wp-json\/wp\/v2\/media?parent=602"}],"wp:term":[{"taxonomy":"category","embeddable":true,"href":"https:\/\/www.cepam.cnrs.fr\/sites\/zoomathia\/wp-json\/wp\/v2\/categories?post=602"},{"taxonomy":"post_tag","embeddable":true,"href":"https:\/\/www.cepam.cnrs.fr\/sites\/zoomathia\/wp-json\/wp\/v2\/tags?post=602"}],"curies":[{"name":"wp","href":"https:\/\/api.w.org\/{rel}","templated":true}]}}