{"id":600,"date":"2020-03-03T11:24:16","date_gmt":"2020-03-03T10:24:16","guid":{"rendered":"http:\/\/www.cepam.cnrs.fr\/sites\/zoomathia\/?page_id=600"},"modified":"2023-03-15T12:03:48","modified_gmt":"2023-03-15T11:03:48","slug":"equipes","status":"publish","type":"page","link":"https:\/\/www.cepam.cnrs.fr\/sites\/zoomathia\/equipes\/","title":{"rendered":"\u00c9quipes"},"content":{"rendered":"<h2>Porteur du Projet<\/h2>\n<p><a href=\"http:\/\/www.cepam.cnrs.fr\">Cultures et Environnements. Pr\u00e9histoire, Antiquit\u00e9, Moyen-\u00c2ge. CEPAM, UMR 7264\u00a0<\/a>&amp; <a href=\"http:\/\/unice.fr\/\">Universit\u00e9 Nice Sophia Antipolis<\/a> (<a href=\"http:\/\/www.cepam.cnrs.fr\/spip.php?article236\">Arnaud Zucker<\/a>)<\/p>\n<h2>Partenaires officiels<\/h2>\n<ul>\n<li><a href=\"http:\/\/www.archeo.ens.fr\/\">Arch\u00e9ologies d&rsquo;Orient et d&rsquo;Occident<\/a>. AOROC, UMR 8546, \u00c9cole normale sup\u00e9rieure, Paris (<a href=\"http:\/\/www.archeo.ens.fr\/spip.php?article46\">Jean Trinquier<\/a>).<\/li>\n<li>Arch\u00e9ozoologie et arch\u00e9obotanique. <a href=\"http:\/\/archeozoo-archeobota.mnhn.fr\/\">UMR 7209, Mus\u00e9um national d\u2019Histoire naturelle de Paris<\/a> <span>(<\/span><a href=\"https:\/\/archeozoo-archeobota.mnhn.fr\/fr\/annuaire\/cecile-callou-8801\" class=\"\" contenteditable=\"false\" title=\"https:\/\/archeozoo-archeobota.mnhn.fr\/fr\/annuaire\/cecile-callou-8801\">C\u00e9cile Calou\u00a0<\/a><span>et\u00a0<\/span><a href=\"https:\/\/archeozoo-archeobota.mnhn.fr\/fr\/annuaire\/marjan-mashkour-8839\" class=\"\" contenteditable=\"false\" title=\"https:\/\/archeozoo-archeobota.mnhn.fr\/fr\/annuaire\/marjan-mashkour-8839\">Marjan Mashkour<\/a><span>)<\/span><\/li>\n<li>Centre de recherches arch\u00e9ologiques et historiques anciennes et m\u00e9di\u00e9vales. <a href=\"http:\/\/www.unicaen.fr\/crahm\/\">CRAHAM, UMR 6273<\/a>, <a href=\"http:\/\/www.unicaen.fr\/\">Universit\u00e9 de Caen<\/a> <span>(<\/span><a href=\"https:\/\/www.craham.cnrs.fr\/contact\/brigitte-gauvin\/\" class=\"\" contenteditable=\"false\" title=\"https:\/\/www.craham.cnrs.fr\/contact\/brigitte-gauvin\/\">Brigitte Gauvin<\/a><span>\u00a0et\u00a0<\/span><a href=\"https:\/\/www.craham.cnrs.fr\/contact\/thierry-buquet\/\" class=\"\" contenteditable=\"false\" title=\"https:\/\/www.craham.cnrs.fr\/contact\/thierry-buquet\/\">Thierry Buquet<\/a><span>)<\/span><\/li>\n<li><a href=\"http:\/\/crises.upv.univ-montp3.fr\/\">Centre de Recherches Interdisciplinaire en Sciences Humaines et Sociales<\/a>. CRISES, EA 4424, Universit\u00e9 de Montpellier III (<a href=\"http:\/\/crises.upv.univ-montp3.fr\/equipe\/chercheurs-et-enseignants-chercheurs-rattaches-a-titre-principal\/histoire-ancienne\/chandezon-christophe\/\">Christophe Chandezon<\/a>)<\/li>\n<li><span><span lang=\"EN-US\" class=\"\">Hebrew University of Jerusalem\u00a0<\/span><span lang=\"EN-US\" class=\"\">(<a href=\"https:\/\/atlomy.huji.ac.il\/\" class=\"\" contenteditable=\"false\" title=\"https:\/\/atlomy.huji.ac.il\/\">ERC\/Anatomy in Ancient Greece and Rome<\/a>) (<a href=\"https:\/\/orlylewis.huji.ac.il\/\" class=\"\" contenteditable=\"false\" title=\"https:\/\/orlylewis.huji.ac.il\/\">Orly Lewis<\/a>)<\/span><\/span><\/li>\n<li><a href=\"http:\/\/www.irht.cnrs.fr\/\">Institut de recherche et d\u2019histoire des textes<\/a>. IRHT, Paris (<a href=\"http:\/\/www.irht.cnrs.fr\/fr\/annuaire\/draelants-isabelle\">Isabelle Draelants<\/a>)<\/li>\n<li><a href=\"https:\/\/www.tu-darmstadt.de\/studieren\/studieninteressierte\/studienangebot_studiengaenge\/studiengang_184129.en.jsp\" class=\"\" title=\"https:\/\/www.tu-darmstadt.de\/studieren\/studieninteressierte\/studienangebot_studiengaenge\/studiengang_184129.en.jsp\" style=\"font-size: revert;\">Technical University Darmstadt, Computer Science Department<span class=\"\">\u00a0<\/span><\/a><span class=\"\" style=\"font-size: revert;\">(<\/span><a href=\"https:\/\/www.informatik.tu-darmstadt.de\/ukp\/ukp_home\/staff_ukp\/ukp_home_content_staff_1_details_42176.en.jsp\" class=\"\" title=\"https:\/\/www.informatik.tu-darmstadt.de\/ukp\/ukp_home\/staff_ukp\/ukp_home_content_staff_1_details_42176.en.jsp\" style=\"font-size: revert;\">Richard Eckart de Castilho<\/a><span class=\"\" style=\"font-size: revert;\">)<\/span><\/li>\n<li><span class=\"\">Universit\u00e9 Montpellier III,\u00a0<\/span><a href=\"https:\/\/www.asm.cnrs.fr\/\" class=\"\" contenteditable=\"false\" title=\"https:\/\/www.asm.cnrs.fr\/\">Arch\u00e9ologie\u00a0des Soci\u00e9t\u00e9s M\u00e9diterran\u00e9ennes<\/a>, UMR5140 (ASM) (<a href=\"https:\/\/archimede.cnrs.fr\/index.php\/gouvernance\/123-annuaire\/e-h\/224-armelle-gardeisen\" class=\"\" contenteditable=\"false\" title=\"https:\/\/archimede.cnrs.fr\/index.php\/gouvernance\/123-annuaire\/e-h\/224-armelle-gardeisen\">Armelle Gardeisen<\/a>)<\/li>\n<li>Universit\u00e9 Paris Nanterre,\u00a0<a href=\"https:\/\/www.parisnanterre.fr\/unites-de-recherche\/laboratoire-ethologie-cognition-developpement-lecd\" class=\"\" contenteditable=\"false\" title=\"https:\/\/www.parisnanterre.fr\/unites-de-recherche\/laboratoire-ethologie-cognition-developpement-lecd\">Laboratoire\u00a0Ethologie Cognition D\u00e9veloppement\u00a0<\/a>LECD (<a href=\"https:\/\/www.parisnanterre.fr\/m-sebastien-deregnaucourt\" class=\"\" contenteditable=\"false\" title=\"https:\/\/www.parisnanterre.fr\/m-sebastien-deregnaucourt\">S\u00e9bastien Der\u00e9gnecourt<\/a>)<\/li>\n<li>Universit\u00e9 Paris-Sorbonne,\u00a0<a href=\"https:\/\/www.orient-mediterranee.com\/\" class=\"\" contenteditable=\"false\" title=\"https:\/\/www.orient-mediterranee.com\/\">Orient et M\u00e9diterran\u00e9e<\/a>.\u00a0UMR 8167 (<a href=\"https:\/\/www.orient-mediterranee.com\/member\/lazaris-stavros\/\" class=\"\" contenteditable=\"false\" title=\"https:\/\/www.orient-mediterranee.com\/member\/lazaris-stavros\/\">Stavros Lazaris<\/a>)<\/li>\n<li>Universit\u00e9 Rennes 1,\u00a0<span lang=\"EN-US\" class=\"\"><a href=\"https:\/\/ecobio.univ-rennes.fr\/en\" class=\"\" contenteditable=\"false\" title=\"https:\/\/ecobio.univ-rennes.fr\/en\">ECOBIO. Ecosyst\u00e8mes, Biodiversit\u00e9, Evolution<\/a>\u00a0UMR CNRS 6553 (<\/span><a href=\"https:\/\/perso.univ-rennes1.fr\/nelly.menard\/\" class=\"\" contenteditable=\"false\" title=\"https:\/\/perso.univ-rennes1.fr\/nelly.menard\/\">Nelly M\u00e9nard<\/a><span class=\"\">)<\/span><\/li>\n<li><a href=\"http:\/\/www.uclouvain.be\/incal.html\" class=\"\" target=\"_blank\" rel=\"noopener\">Universit\u00e9 Catholique de Louvain-la Neuve, Institut des civilisations, arts et lettres<\/a><span class=\"\">. INCAL, Louvain-la Neuve (<\/span><a href=\"http:\/\/www.uclouvain.be\/baudouin.vandenabeele\" class=\"\" target=\"_blank\" rel=\"noopener\">Baudoin van den Abeele<\/a><span class=\"\">).<\/span><\/li>\n<li><a href=\"http:\/\/www.unistrasi.it\/365\/2120\/Dipartimento_di_Ateneo_per_la_Didattica_e_la_Ricerca.htm\">Universit\u00e0 per Stranieri di Siena. Dipartimento di Ateneo per la Didattica e la Ricerca<\/a>. Siena (<a href=\"http:\/\/unistrasi.academia.edu\/CristianaFranco\">Cristiana Franco<\/a>)<\/li>\n<li><a href=\"http:\/\/www.uni-trier.de\/index.php?id=11036&amp;no_cache=1\">Universit\u00e4t Trier, Klassische Philologie<\/a> (<a href=\"http:\/\/www.uni-trier.de\/index.php?id=7765\">Oliver Hellmann<\/a>)<\/li>\n<\/ul>\n<p><a href=\"https:\/\/www.cepam.cnrs.fr\/sites\/zoomathia\/wp-content\/uploads\/sites\/6\/2022\/10\/erc.jpg\"><img loading=\"lazy\" decoding=\"async\" src=\"https:\/\/www.cepam.cnrs.fr\/sites\/zoomathia\/wp-content\/uploads\/sites\/6\/2022\/10\/erc.jpg\" alt=\"\" width=\"150\" height=\"150\" class=\"size-full wp-image-799 alignnone\" srcset=\"https:\/\/www.cepam.cnrs.fr\/sites\/zoomathia\/wp-content\/uploads\/sites\/6\/2022\/10\/erc.jpg 150w, https:\/\/www.cepam.cnrs.fr\/sites\/zoomathia\/wp-content\/uploads\/sites\/6\/2022\/10\/erc-40x40.jpg 40w\" sizes=\"(max-width: 150px) 100vw, 150px\" \/><\/a><\/p>\n<h2>\u00c9quipes associ\u00e9es<\/h2>\n<ul>\n<li><a href=\"http:\/\/www.cpaf.cnrs.fr\/\">Centre Paul-Albert F\u00e9vrier<\/a>. UMR 7297, Aix-en-Provence (<a href=\"http:\/\/www.cpaf.cnrs.fr\/spip.php?article20\">Sydney Aufr\u00e8re<\/a>).<\/li>\n<li><a href=\"http:\/\/www.geschkult.fu-berlin.de\/e\/klassarch\/institut\/index.html\">Freie Universit\u00e4t. Institut f\u00fcr Klassische Arch\u00e4ologie der Freien Universit\u00e4t Berlin<\/a>. Berlin (<a href=\"http:\/\/www.geschkult.fu-berlin.de\/e\/klassarch\/mitarbeiter\/wissenschaftliche\/winkler.html\">Lorenz Winkler Horacek<\/a>)<\/li>\n<li><a href=\"http:\/\/halma-ipel.recherche.univ-lille3.fr\/\">Histoire, Arch\u00e9ologie, Litt\u00e9rature des Mondes Anciens &#8211; Institut de Papyrologie et d&rsquo;Egyptologie de Lille<\/a>. HALMA-IPEL, UMR 8164, Universit\u00e9 de Lille 3 (<a href=\"http:\/\/halma-ipel.recherche.univ-lille3.fr\/spip.php?article151\">S\u00e9bastien Barbara<\/a>)<\/li>\n<li>Ithaca. Cornell University, <a href=\"http:\/\/arthistory.cornell.edu\/\">Department of History of Art and Visual Studies<\/a> (<a href=\"http:\/\/classics.cornell.edu\/people\/detail.cfm?netid=aa376\">Annetta Alexandridis<\/a>)<\/li>\n<li>Laboratoire d&rsquo;Informatique, Signaux et Syst\u00e8mes de Sophia-Antipolis. <a href=\"http:\/\/www.i3s.unice.fr\/I3S\/index.php\">I3S, UMR7271<\/a>, Universit\u00e9 Nice Sophia Antipolis (<a href=\"http:\/\/www.i3s.unice.fr\/~faron\/\">Catherine Faron-Zucker<\/a>)<\/li>\n<li><a href=\"http:\/\/portale.unipa.it\/dipartimenti\/dipartimentoscienzeumanistiche\">Universit\u00e0 degli Studi di Palermo, Dipartimento Scienze Umanistiche<\/a>. Palermo (<a href=\"http:\/\/www.pietrolicausi.it\/\">Pietro Li Causi<\/a>)<\/li>\n<li><a href=\"http:\/\/anhima.fr\/\">Anthropologie et Histoire des Mondes Antiques<\/a>. ANHIMA, UMR 8210, EHESS, Paris<\/li>\n<li><a href=\"http:\/\/www.paris-sorbonne.fr\/Rome-et-ses-renaissances\">Rome et ses Renaissances<\/a>. EA 4081, Universit\u00e9 Paris-Sorbonne (<a href=\"http:\/\/www.paris-sorbonne.fr\/article\/naas-valerie\">Val\u00e9rie Naas<\/a>).<\/li>\n<\/ul>\n","protected":false},"excerpt":{"rendered":"<p>Porteur du Projet Cultures et Environnements. Pr\u00e9histoire, Antiquit\u00e9, Moyen-\u00c2ge. CEPAM, UMR 7264\u00a0&amp; Universit\u00e9 Nice Sophia Antipolis (Arnaud Zucker) Partenaires officiels Arch\u00e9ologies d&rsquo;Orient et d&rsquo;Occident. AOROC, UMR 8546, \u00c9cole normale sup\u00e9rieure, Paris (Jean Trinquier). Arch\u00e9ozoologie et arch\u00e9obotanique. UMR 7209, Mus\u00e9um national d\u2019Histoire naturelle de Paris (C\u00e9cile Calou\u00a0et\u00a0Marjan Mashkour) Centre de recherches [&hellip;]<\/p>\n","protected":false},"author":1,"featured_media":0,"parent":0,"menu_order":0,"comment_status":"closed","ping_status":"closed","template":"page-templates\/template-page-sidebar.php","meta":{"footnotes":""},"categories":[],"tags":[],"_links":{"self":[{"href":"https:\/\/www.cepam.cnrs.fr\/sites\/zoomathia\/wp-json\/wp\/v2\/pages\/600"}],"collection":[{"href":"https:\/\/www.cepam.cnrs.fr\/sites\/zoomathia\/wp-json\/wp\/v2\/pages"}],"about":[{"href":"https:\/\/www.cepam.cnrs.fr\/sites\/zoomathia\/wp-json\/wp\/v2\/types\/page"}],"author":[{"embeddable":true,"href":"https:\/\/www.cepam.cnrs.fr\/sites\/zoomathia\/wp-json\/wp\/v2\/users\/1"}],"replies":[{"embeddable":true,"href":"https:\/\/www.cepam.cnrs.fr\/sites\/zoomathia\/wp-json\/wp\/v2\/comments?post=600"}],"version-history":[{"count":5,"href":"https:\/\/www.cepam.cnrs.fr\/sites\/zoomathia\/wp-json\/wp\/v2\/pages\/600\/revisions"}],"predecessor-version":[{"id":843,"href":"https:\/\/www.cepam.cnrs.fr\/sites\/zoomathia\/wp-json\/wp\/v2\/pages\/600\/revisions\/843"}],"wp:attachment":[{"href":"https:\/\/www.cepam.cnrs.fr\/sites\/zoomathia\/wp-json\/wp\/v2\/media?parent=600"}],"wp:term":[{"taxonomy":"category","embeddable":true,"href":"https:\/\/www.cepam.cnrs.fr\/sites\/zoomathia\/wp-json\/wp\/v2\/categories?post=600"},{"taxonomy":"post_tag","embeddable":true,"href":"https:\/\/www.cepam.cnrs.fr\/sites\/zoomathia\/wp-json\/wp\/v2\/tags?post=600"}],"curies":[{"name":"wp","href":"https:\/\/api.w.org\/{rel}","templated":true}]}}