{"id":2,"date":"2018-08-10T13:52:55","date_gmt":"2018-08-10T11:52:55","guid":{"rendered":"http:\/\/www.cepam.cnrs.fr\/sites\/zoomathia\/?page_id=2"},"modified":"2020-04-10T14:31:09","modified_gmt":"2020-04-10T12:31:09","slug":"page-d-exemple","status":"publish","type":"page","link":"https:\/\/www.cepam.cnrs.fr\/sites\/zoomathia\/","title":{"rendered":"Pr\u00e9sentation g\u00e9n\u00e9rale"},"content":{"rendered":"<p><span><span style=\"color: #333333\">Le projet ZOOMATHIA vise l\u2019\u00e9tude de la constitution et de la transmission des connaissances zoologiques antiques sur une p\u00e9riode longue, d&rsquo;un point de vue historique, litt\u00e9raire et \u00e9pist\u00e9mologique, \u00e0 travers les textes et l&rsquo;iconographie, en particulier dans une p\u00e9riode charni\u00e8re (antiquit\u00e9 tardive et Haut Moyen-\u00c2ge), o\u00f9 ce savoir, dispers\u00e9, conna\u00eet des relais atypiques. Il s\u2019inscrit dans l\u2019h\u00e9ritage intellectuel ou le prolongement du programme de Colloques d\u2019histoire des connaissances zoologiques conduit par Liliane Bodson \u00e0 Li\u00e8ge de 1989 \u00e0 2004, et l\u2019ouvrage pionnier de R. Delort (1984). L\u2019ambition du projet est de travailler de mani\u00e8re diachronique et synth\u00e9tique, en prenant en compte les diff\u00e9rentes dimensions du savoir zoologique (\u00e0 travers les textes, les images et les bio-restes) : biologie, arch\u00e9ologie, \u00e9pist\u00e9mologie, philosophie, histoire, philologie. Pour ce faire, un programme de constitution d\u2019une base des donn\u00e9es antiques et m\u00e9di\u00e9vales relatives \u00e0 la zoologie (th\u00e9saurus) est n\u00e9cessaire et sera d\u00e9velopp\u00e9 tout au long du projet<\/span> <a href=\"https:\/\/www.cepam.cnrs.fr\/sites\/zoomathia\/category\/presentation\/\">[\u2026]<\/a>.<\/span><\/p>\n","protected":false},"excerpt":{"rendered":"<p>Le projet ZOOMATHIA vise l\u2019\u00e9tude de la constitution et de la transmission des connaissances zoologiques antiques sur une p\u00e9riode longue, d&rsquo;un point de vue historique, litt\u00e9raire et \u00e9pist\u00e9mologique, \u00e0 travers les textes et l&rsquo;iconographie, en particulier dans une p\u00e9riode charni\u00e8re (antiquit\u00e9 tardive et Haut Moyen-\u00c2ge), o\u00f9 ce savoir, dispers\u00e9, conna\u00eet [&hellip;]<\/p>\n","protected":false},"author":1,"featured_media":0,"parent":0,"menu_order":0,"comment_status":"closed","ping_status":"open","template":"","meta":{"footnotes":""},"categories":[],"tags":[],"_links":{"self":[{"href":"https:\/\/www.cepam.cnrs.fr\/sites\/zoomathia\/wp-json\/wp\/v2\/pages\/2"}],"collection":[{"href":"https:\/\/www.cepam.cnrs.fr\/sites\/zoomathia\/wp-json\/wp\/v2\/pages"}],"about":[{"href":"https:\/\/www.cepam.cnrs.fr\/sites\/zoomathia\/wp-json\/wp\/v2\/types\/page"}],"author":[{"embeddable":true,"href":"https:\/\/www.cepam.cnrs.fr\/sites\/zoomathia\/wp-json\/wp\/v2\/users\/1"}],"replies":[{"embeddable":true,"href":"https:\/\/www.cepam.cnrs.fr\/sites\/zoomathia\/wp-json\/wp\/v2\/comments?post=2"}],"version-history":[{"count":3,"href":"https:\/\/www.cepam.cnrs.fr\/sites\/zoomathia\/wp-json\/wp\/v2\/pages\/2\/revisions"}],"predecessor-version":[{"id":594,"href":"https:\/\/www.cepam.cnrs.fr\/sites\/zoomathia\/wp-json\/wp\/v2\/pages\/2\/revisions\/594"}],"wp:attachment":[{"href":"https:\/\/www.cepam.cnrs.fr\/sites\/zoomathia\/wp-json\/wp\/v2\/media?parent=2"}],"wp:term":[{"taxonomy":"category","embeddable":true,"href":"https:\/\/www.cepam.cnrs.fr\/sites\/zoomathia\/wp-json\/wp\/v2\/categories?post=2"},{"taxonomy":"post_tag","embeddable":true,"href":"https:\/\/www.cepam.cnrs.fr\/sites\/zoomathia\/wp-json\/wp\/v2\/tags?post=2"}],"curies":[{"name":"wp","href":"https:\/\/api.w.org\/{rel}","templated":true}]}}