{"id":8,"date":"2020-01-14T08:52:57","date_gmt":"2020-01-14T07:52:57","guid":{"rendered":"http:\/\/www.cepam.cnrs.fr\/sites\/temps\/?page_id=8"},"modified":"2020-09-14T10:19:13","modified_gmt":"2020-09-14T08:19:13","slug":"programme","status":"publish","type":"page","link":"https:\/\/www.cepam.cnrs.fr\/sites\/temps\/programme\/","title":{"rendered":"Programme du congr\u00e8s de Nice"},"content":{"rendered":"<h2>27-29 novembre 2020<\/h2>\n<p>53e congr\u00e8s de l\u2019APLAES \/ 53d convention \u2014 APLAES<\/p>\n<p>(Association des professeurs de langues anciennes de l\u2019enseignement sup\u00e9rieur)<\/p>\n<h2><u>Journ\u00e9e scientifique (27 novembre)\u00a0: <strong>Retour sur la question du temps dans l\u2019Antiquit\u00e9<\/strong><\/u><\/h2>\n<p>Maison des Sciences de l&rsquo;Homme et de la Soci\u00e9t\u00e9 Sud-Est<\/p>\n<p>25 avenue Fran\u00e7ois Mitterrand, 06300 Nice<\/p>\n<table>\n<tbody>\n<tr>\n<td width=\"105\">8h30-9h<\/td>\n<td width=\"505\">Accueil des participants<\/td>\n<\/tr>\n<tr>\n<td width=\"105\">9h-9h20<\/td>\n<td width=\"505\">Ouverture institutionnelle du congr\u00e8s<\/td>\n<\/tr>\n<tr>\n<td width=\"105\">9h20-10h<\/td>\n<td width=\"505\">Vivien Longhi, (HALMA \u2013 UMR 8164 \u2013 Universit\u00e9 de Lille)<\/p>\n<p>\u00ab Les m\u00e9decins hippocratiques et le temps \u00bb<\/td>\n<\/tr>\n<tr>\n<td width=\"105\">10h-10h40<\/td>\n<td width=\"505\">Giovanni Manetti (Universit\u00e0 di Siena)<\/p>\n<p>\u00ab\u00a0Tempo e aspetto nella teoria stoica\u00a0\u00bb<\/td>\n<\/tr>\n<tr>\n<td width=\"105\">10h40-11h<\/td>\n<td width=\"505\">\u00a0Pause-caf\u00e9<\/td>\n<\/tr>\n<tr>\n<td width=\"105\">11h-11h40<\/td>\n<td width=\"505\"><span lang=\"EN-US\">Susannah Ashton (Trinity College Dublin) <\/span><\/p>\n<p><span lang=\"EN-US\">\u00ab\u00a0<\/span><span lang=\"EN-US\">Through the Eye of the Vortex: Re-Considering Cyclical Time and Temporality in Empedocles\u2019 Fragments<\/span><span lang=\"EN-US\">\u00a0\u00bb<\/span><\/td>\n<\/tr>\n<tr>\n<td width=\"105\">11h40-12h20<\/td>\n<td width=\"505\">Alexandra Michalewski (Centre L\u00e9on Robin \u2013 UMR 8061 \u2013 CNRS)<\/p>\n<p>\u00ab\u00a0R\u00e9ceptions n\u00e9oplatoniciennes de Tim\u00e9e 37 d\u00a0\u00bb<\/td>\n<\/tr>\n<tr>\n<td width=\"105\">12h20-13h20<\/td>\n<td width=\"505\">D\u00e9jeuner (buffet)<\/td>\n<\/tr>\n<tr>\n<td width=\"105\">13h20-14h<\/td>\n<td width=\"505\">Posters<\/td>\n<\/tr>\n<tr>\n<td width=\"105\">14h-14h40<\/td>\n<td width=\"505\"><span lang=\"EN-US\">Gloria Larini (Scuola Normale Superiore di Pisa) <\/span><\/p>\n<p><span lang=\"EN-US\">\u00ab\u00a0<\/span><span lang=\"EN-US\">Astronomical rhythm, synchronicity and achrony: the \u201cquantistic time\u201d of Ulysses\u2019 sea voyage in the Odyssey<\/span><span lang=\"EN-US\">\u00a0\u00bb<\/span><\/td>\n<\/tr>\n<tr>\n<td width=\"105\">14h40-15h20<\/td>\n<td width=\"505\">Mauro Agosto (Pontificia Universit\u00e0 Lateranense)<\/p>\n<p>\u00ab Le temps dans l\u2019\u0152dipe Roi de Sophocle \u00bb<\/td>\n<\/tr>\n<tr>\n<td width=\"105\">15h20-16h<\/td>\n<td width=\"505\">Sophia Papaioannou (National and Kapodistrian University of Athens)<\/p>\n<p>\u00ab La po\u00e9tique de la proph\u00e9tie \u00e9pique dans la tradition latine\u00a0\u00bb<\/td>\n<\/tr>\n<tr>\n<td width=\"105\">16h-16h20<\/td>\n<td width=\"505\">Pause-caf\u00e9<\/td>\n<\/tr>\n<tr>\n<td width=\"105\">16h20-17h<\/td>\n<td width=\"505\">Susan B. Dunning (Somerville College, Oxford)<\/p>\n<p>\u00ab\u00a0The Transformation of the Saeculum in the Construction and Rejection of Roman Imperial Power\u00a0\u00bb<\/td>\n<\/tr>\n<tr>\n<td width=\"105\">17h-17h40<\/td>\n<td width=\"505\">Anna Walas (University of Leicester)<\/p>\n<p>\u00ab\u00a0Frontier Time: Production of cyclical and linear time in Rome\u2019s imperial armies\u00a0\u00bb<\/td>\n<\/tr>\n<tr>\n<td width=\"105\">17h40-18h<\/td>\n<td width=\"505\">Conclusion de la journ\u00e9e scientifique<\/td>\n<\/tr>\n<tr>\n<td width=\"105\">18h<\/td>\n<td width=\"505\">D\u00e9part pour le mus\u00e9e arch\u00e9ologique de Cimiez<\/td>\n<\/tr>\n<tr>\n<td width=\"105\">18h30-19h30<\/td>\n<td width=\"505\">Visite du mus\u00e9e<\/td>\n<\/tr>\n<tr>\n<td width=\"105\">19h30-21h<\/td>\n<td width=\"505\">D\u00eener au mus\u00e9e<\/td>\n<\/tr>\n<tr>\n<td width=\"105\">21h<\/td>\n<td width=\"505\">Retour en Centre Ville<\/td>\n<\/tr>\n<\/tbody>\n<\/table>\n<hr \/>\n<h2><u>Journ\u00e9e associative et p\u00e9dagogique (28 Novembre)<\/u><\/h2>\n<p>Maison des Sciences de l\u2019Homme et de la Soci\u00e9t\u00e9 Sud-Est<\/p>\n<p>25 avenue Fran\u00e7ois Mitterrand, 06300 Nice<\/p>\n<table>\n<tbody>\n<tr>\n<td width=\"109\">9h30<\/td>\n<td width=\"505\">Accueil au Centre Universitaire M\u00e9diterran\u00e9en<\/td>\n<\/tr>\n<tr>\n<td width=\"109\">9h45<\/td>\n<td width=\"505\">Rapport moral<\/td>\n<\/tr>\n<tr>\n<td width=\"109\">10h<\/td>\n<td width=\"505\">Rapport financier<\/td>\n<\/tr>\n<tr>\n<td width=\"109\">10h15<\/td>\n<td width=\"505\">Interventions de l\u2019Inspection g\u00e9n\u00e9rale et des Soci\u00e9t\u00e9s amies<\/td>\n<\/tr>\n<tr>\n<td width=\"109\">11h<\/td>\n<td width=\"505\">Pause-caf\u00e9<\/td>\n<\/tr>\n<tr>\n<td width=\"109\">11h15<\/td>\n<td width=\"505\">Table ronde sur la situation des langues anciennes en Europe<\/p>\n<p>(participants\u00a0: Mauro Agosto, Fran\u00e7ois Ploton-Nicollet, Sophia Papaioannou)<\/td>\n<\/tr>\n<tr>\n<td width=\"109\">12h15<\/td>\n<td width=\"505\">Buffet sur place<\/td>\n<\/tr>\n<tr>\n<td width=\"109\">14h<\/td>\n<td width=\"505\">D\u00e9bat interne et assembl\u00e9e g\u00e9n\u00e9rale<\/td>\n<\/tr>\n<tr>\n<td width=\"109\">15h30<\/td>\n<td width=\"505\">\u00c9lection de la Pr\u00e9sidence, du bureau et vote des motions<\/td>\n<\/tr>\n<tr>\n<td width=\"109\">17h00<\/td>\n<td width=\"505\">R\u00e9union du bureau<\/td>\n<\/tr>\n<tr>\n<td width=\"109\">19h30<\/td>\n<td width=\"505\">D\u00eener (plage Le Galet)<\/td>\n<\/tr>\n<\/tbody>\n<\/table>\n<hr \/>\n<h2><u>Journ\u00e9e culturelle (29 Novembre)<\/u><\/h2>\n<p>Beaulieu-sur-Mer<\/p>\n<table width=\"612\">\n<tbody>\n<tr>\n<td width=\"108\">9h30<\/td>\n<td width=\"504\">D\u00e9part de Nice en train<\/td>\n<\/tr>\n<tr>\n<td width=\"108\">10h-12h<\/td>\n<td width=\"504\">Visite de la Villa K\u00e9rylos<\/td>\n<\/tr>\n<tr>\n<td width=\"108\">12h-13h30<\/td>\n<td width=\"504\">D\u00eener au Jardin des Oliviers<\/td>\n<\/tr>\n<tr>\n<td width=\"108\">13h30-15h30<\/td>\n<td width=\"504\">Visite du Gyptis et balade (\u00e0 confirmer)<\/td>\n<\/tr>\n<tr>\n<td width=\"108\">15h30-16h<\/td>\n<td width=\"504\">Retour \u00e0 Nice en train<\/td>\n<\/tr>\n<tr>\n<td width=\"108\">16h<\/td>\n<td width=\"504\">Fin du congr\u00e8s<\/td>\n<\/tr>\n<\/tbody>\n<\/table>\n","protected":false},"excerpt":{"rendered":"<p>27-29 novembre 2020 53e congr\u00e8s de l\u2019APLAES \/ 53d convention \u2014 APLAES (Association des professeurs de langues anciennes de l\u2019enseignement sup\u00e9rieur) Journ\u00e9e scientifique (27 novembre)\u00a0: Retour sur la question du temps dans l\u2019Antiquit\u00e9 Maison des Sciences de l&rsquo;Homme et de la Soci\u00e9t\u00e9 Sud-Est 25 avenue Fran\u00e7ois Mitterrand, 06300 Nice 8h30-9h Accueil des participants 9h-9h20 Ouverture [&hellip;]<\/p>\n","protected":false},"author":1,"featured_media":0,"parent":0,"menu_order":0,"comment_status":"closed","ping_status":"closed","template":"","meta":{"footnotes":""},"categories":[],"tags":[],"_links":{"self":[{"href":"https:\/\/www.cepam.cnrs.fr\/sites\/temps\/wp-json\/wp\/v2\/pages\/8"}],"collection":[{"href":"https:\/\/www.cepam.cnrs.fr\/sites\/temps\/wp-json\/wp\/v2\/pages"}],"about":[{"href":"https:\/\/www.cepam.cnrs.fr\/sites\/temps\/wp-json\/wp\/v2\/types\/page"}],"author":[{"embeddable":true,"href":"https:\/\/www.cepam.cnrs.fr\/sites\/temps\/wp-json\/wp\/v2\/users\/1"}],"replies":[{"embeddable":true,"href":"https:\/\/www.cepam.cnrs.fr\/sites\/temps\/wp-json\/wp\/v2\/comments?post=8"}],"version-history":[{"count":7,"href":"https:\/\/www.cepam.cnrs.fr\/sites\/temps\/wp-json\/wp\/v2\/pages\/8\/revisions"}],"predecessor-version":[{"id":118,"href":"https:\/\/www.cepam.cnrs.fr\/sites\/temps\/wp-json\/wp\/v2\/pages\/8\/revisions\/118"}],"wp:attachment":[{"href":"https:\/\/www.cepam.cnrs.fr\/sites\/temps\/wp-json\/wp\/v2\/media?parent=8"}],"wp:term":[{"taxonomy":"category","embeddable":true,"href":"https:\/\/www.cepam.cnrs.fr\/sites\/temps\/wp-json\/wp\/v2\/categories?post=8"},{"taxonomy":"post_tag","embeddable":true,"href":"https:\/\/www.cepam.cnrs.fr\/sites\/temps\/wp-json\/wp\/v2\/tags?post=8"}],"curies":[{"name":"wp","href":"https:\/\/api.w.org\/{rel}","templated":true}]}}