{"id":4,"date":"2020-01-14T08:52:33","date_gmt":"2020-01-14T07:52:33","guid":{"rendered":"http:\/\/www.cepam.cnrs.fr\/sites\/temps\/?page_id=4"},"modified":"2020-11-16T08:00:23","modified_gmt":"2020-11-16T07:00:23","slug":"accueil","status":"publish","type":"page","link":"https:\/\/www.cepam.cnrs.fr\/sites\/temps\/","title":{"rendered":"53e congr\u00e8s de l\u2019APLAES\/ 53d convention \u2014 APLAES"},"content":{"rendered":"<hr \/>\n<h1 style=\"text-align: center;\"><span style=\"color: #ff6600;\">Le colloque est annul\u00e9 en raison de la pand\u00e9mie<\/span><\/h1>\n<hr \/>\n<p><a href=\"http:\/\/www.aplaes.org\/\">http:\/\/www.aplaes.org\/<\/a><\/p>\n<p>(Association des professeurs de langues anciennes de l\u2019enseignement sup\u00e9rieur)<\/p>\n<p style=\"margin: 0cm; margin-bottom: .0001pt; text-align: justify;\">Congr\u00e8s organis\u00e9 par le d\u00e9partement de lettres classiques de l\u2019Universit\u00e9 C\u00f4te d\u2019Azur, les laboratoires \u00ab Bases, Corpus, Langage \u00bb (UMR 7320) et CEPAM (UMR 7264)<br \/>\nConvention organized by the department of Classics (Universit\u00e9 C\u00f4te d\u2019Azur), the laboratories \u00ab Bases, Corpus, Langage \u00bb (UMR 7320) and CEPAM (UMR 7264).<\/p>\n<h2 style=\"text-align: justify;\"><strong>Le temps dans l\u2019antiquit\u00e9 gr\u00e9co-latine \/ <em>Time in Greek and Roman Antiquity<\/em><\/strong><\/h2>\n<p style=\"text-align: justify;\">Nice (France)<\/p>\n<p style=\"text-align: justify;\"><del>27-29 novembre 2020\/ novembre 27<sup>th<\/sup>-29<sup>th<\/sup>, 2020<\/del><\/p>\n<h3 style=\"text-align: justify;\"><u>Comit\u00e9 d\u2019organisation \/ Organizing committee<\/u><\/h3>\n<ul style=\"text-align: justify;\">\n<li>Mich\u00e8le Biraud, Professeur \u00e9m\u00e9rite (UCA-CNRS, <a href=\"http:\/\/bcl.cnrs.fr\/?redirected_from=www%252eunice%252efr%252fbcl%252f\">BCL<\/a>, UMR7320)<\/li>\n<li>Richard Faure, Ma\u00eetre de conf\u00e9rences (UCA-CNRS, <a href=\"http:\/\/bcl.cnrs.fr\/?redirected_from=www%252eunice%252efr%252fbcl%252f\">BCL<\/a>, UMR7320)<\/li>\n<li>Jean-Fran\u00e7ois Vivicorsi, doctorant (UCA-CNRS, <a href=\"http:\/\/bcl.cnrs.fr\/?redirected_from=www%252eunice%252efr%252fbcl%252f\">BCL<\/a>, UMR7320)<\/li>\n<li>Arnaud Zucker, Professeur (UCA-CNRS, <a href=\"https:\/\/www.cepam.cnrs.fr\/\">CEPAM<\/a>, UMR7264)<\/li>\n<\/ul>\n<h3 style=\"text-align: justify;\"><u>Comit\u00e9 scientifique \/ Scientific committee<\/u><\/h3>\n<ul style=\"text-align: justify;\">\n<li>Mich\u00e8le BIRAUD, Professeur \u00e9m\u00e9rite en linguistique et litt\u00e9rature grecques (Universit\u00e9 Nice Sophia Antipolis, Universit\u00e9 C\u00f4te d\u2019Azur, BCL, UMR7320, Fr).<\/li>\n<li>Richard FAURE, Ma\u00eetre de conf\u00e9rences en linguistique des langues anciennes (Universit\u00e9 Nice Sophia Antipolis, Universit\u00e9 C\u00f4te d\u2019Azur, BCL, UMR7320, Fr).<\/li>\n<li>Emmanuel GOLFIN, Professeur agr\u00e9g\u00e9 de lettres classiques (membre associ\u00e9 \u00e0 l\u2019EA 4601, Patrimoine Litt\u00e9rature Histoire, Universit\u00e9 Toulouse-Jean Jaur\u00e8s, Fr).<\/li>\n<li>Elsa GRASSO, Ma\u00eetre de conf\u00e9rences (Universit\u00e9 Nice Sophia Antipolis, Universit\u00e9 C\u00f4te d\u2019Azur, Centre de Recherches en Histoire des Id\u00e9es, EA 4318, Fr).<\/li>\n<li><a href=\"https:\/\/www.classics.upenn.edu\/people\/ralph-m-rosen\">Ralf ROSEN<\/a>, Vartan Gregorian Professor of the Humanities, Classical Studies Department (University of Pennsylvania, Eu)<\/li>\n<li>Giampiero SCAFOGLIO, Professeur de litt\u00e9rature latine (Universit\u00e9 Nice Sophia Antipolis, Universit\u00e9 C\u00f4te d\u2019Azur, CEPAM, UMR7264, Fr).<\/li>\n<\/ul>\n<h3 style=\"text-align: justify;\"><u>Programme g\u00e9n\u00e9ral \/ General program<\/u><\/h3>\n<ul style=\"text-align: justify;\">\n<li><del>27\/11 : Journ\u00e9e scientifique \/ scientific session<\/del><\/li>\n<li><del>28\/11 : Association session\/ journ\u00e9e associative<\/del><\/li>\n<li><del>29\/11 :\u00a0Cultural session\/ journ\u00e9e culturelle<\/del><\/li>\n<\/ul>\n<h3 style=\"text-align: justify;\"><u>Conf\u00e9renciers invit\u00e9s<\/u><u> \/ Invited speakers<\/u><\/h3>\n<ul>\n<li style=\"text-align: left;\">Mauro\u00a0AGOSTO Professeur, grec et latin (Pontificia Universitas Lateranensis) :\u00a0<a href=\"https:\/\/pul.academia.edu\/mauroagosto\">https:\/\/pul.academia.edu\/mauroagosto<\/a><\/li>\n<li style=\"text-align: left;\">Vivien LONGHI, Ma\u00eetre de conf\u00e9rences en langue et litt\u00e9rature grecques, (HALMA \u2013 UMR 8164 \u2013 Universit\u00e9 de Lille) :\u00a0<a href=\"https:\/\/pro.univ-lille.fr\/vivien-longhi\/\">https:\/\/pro.univ-lille.fr\/vivien-longhi\/<\/a><\/li>\n<li style=\"text-align: left;\">Giovanni\u00a0MANETTI, Professore ordinario di Semiotica\u00a0(Universit\u00e0 di Siena) :\u00a0<a href=\"https:\/\/www.giovannimanetti.it\/\">https:\/\/www.giovannimanetti.it\/<\/a><\/li>\n<li style=\"text-align: left;\">Alexandra MICHALEWSKI, Charg\u00e9e de recherche (Centre L\u00e9on Robin : CNRS \u2013 Univ. Sorbonne Universit\u00e9, UMR 8061) :\u00a0<a href=\"http:\/\/www.centreleonrobin.fr\/membres\/7-membres\/193-michalewski-alexandra\">http:\/\/www.centreleonrobin.fr\/membres\/7-membres\/193-michalewski-alexandra<\/a><\/li>\n<li style=\"text-align: left;\">Sophia PAPAIOANNOU, Professeur de latin ( National and Kapodistrian University of Athens) :\u00a0<a href=\"http:\/\/scholar.uoa.gr\/spapaioan\/home\">http:\/\/scholar.uoa.gr\/spapaioan\/home<\/a><\/li>\n<\/ul>\n","protected":false},"excerpt":{"rendered":"<p>Le colloque est annul\u00e9 en raison de la pand\u00e9mie http:\/\/www.aplaes.org\/ (Association des professeurs de langues anciennes de l\u2019enseignement sup\u00e9rieur) Congr\u00e8s organis\u00e9 par le d\u00e9partement de lettres classiques de l\u2019Universit\u00e9 C\u00f4te d\u2019Azur, les laboratoires \u00ab Bases, Corpus, Langage \u00bb (UMR 7320) et CEPAM (UMR 7264) Convention organized by the department of Classics (Universit\u00e9 C\u00f4te d\u2019Azur), the [&hellip;]<\/p>\n","protected":false},"author":1,"featured_media":0,"parent":0,"menu_order":0,"comment_status":"closed","ping_status":"closed","template":"","meta":{"footnotes":""},"categories":[],"tags":[],"_links":{"self":[{"href":"https:\/\/www.cepam.cnrs.fr\/sites\/temps\/wp-json\/wp\/v2\/pages\/4"}],"collection":[{"href":"https:\/\/www.cepam.cnrs.fr\/sites\/temps\/wp-json\/wp\/v2\/pages"}],"about":[{"href":"https:\/\/www.cepam.cnrs.fr\/sites\/temps\/wp-json\/wp\/v2\/types\/page"}],"author":[{"embeddable":true,"href":"https:\/\/www.cepam.cnrs.fr\/sites\/temps\/wp-json\/wp\/v2\/users\/1"}],"replies":[{"embeddable":true,"href":"https:\/\/www.cepam.cnrs.fr\/sites\/temps\/wp-json\/wp\/v2\/comments?post=4"}],"version-history":[{"count":11,"href":"https:\/\/www.cepam.cnrs.fr\/sites\/temps\/wp-json\/wp\/v2\/pages\/4\/revisions"}],"predecessor-version":[{"id":120,"href":"https:\/\/www.cepam.cnrs.fr\/sites\/temps\/wp-json\/wp\/v2\/pages\/4\/revisions\/120"}],"wp:attachment":[{"href":"https:\/\/www.cepam.cnrs.fr\/sites\/temps\/wp-json\/wp\/v2\/media?parent=4"}],"wp:term":[{"taxonomy":"category","embeddable":true,"href":"https:\/\/www.cepam.cnrs.fr\/sites\/temps\/wp-json\/wp\/v2\/categories?post=4"},{"taxonomy":"post_tag","embeddable":true,"href":"https:\/\/www.cepam.cnrs.fr\/sites\/temps\/wp-json\/wp\/v2\/tags?post=4"}],"curies":[{"name":"wp","href":"https:\/\/api.w.org\/{rel}","templated":true}]}}