{"id":14,"date":"2020-01-14T08:53:34","date_gmt":"2020-01-14T07:53:34","guid":{"rendered":"http:\/\/www.cepam.cnrs.fr\/sites\/temps\/?page_id=14"},"modified":"2020-03-04T14:52:29","modified_gmt":"2020-03-04T13:52:29","slug":"inscriptions","status":"publish","type":"page","link":"https:\/\/www.cepam.cnrs.fr\/sites\/temps\/inscriptions\/","title":{"rendered":"Inscriptions"},"content":{"rendered":"<p>\u00ab\u00a0Merci de vous inscrire pour tous les items souhait\u00e9s (h\u00e9bergement, repas, sorties) et de nous renvoyer ce formulaire au plus tard le 15 avril si vous souhaitez que votre h\u00e9bergement soit pris en charge (au-del\u00e0 de cette date et jusqu\u2019au 15 mai, vous pourrez vous inscrire en prenant vous-m\u00eame en charge votre h\u00e9bergement, avec un remboursement possible mais non garanti). NB: une fois faites les r\u00e9servations de nuit\u00e9e ne seront ni modifiables, ni annulables\u00a0\u00bb<\/p>\n<div class=\"wpforms-container wpforms-container-full\" id=\"wpforms-93\"><form id=\"wpforms-form-93\" class=\"wpforms-validate wpforms-form\" data-formid=\"93\" method=\"post\" enctype=\"multipart\/form-data\" action=\"\/sites\/temps\/wp-json\/wp\/v2\/pages\/14\" data-token=\"7b36b8c5097aaf26bca231d712011341\"><noscript class=\"wpforms-error-noscript\">Veuillez activer JavaScript dans votre navigateur pour remplir ce formulaire.<\/noscript><div class=\"wpforms-field-container\"><div id=\"wpforms-93-field_0-container\" class=\"wpforms-field wpforms-field-name\" data-field-id=\"0\"><label class=\"wpforms-field-label\" for=\"wpforms-93-field_0\">Nom <span class=\"wpforms-required-label\">*<\/span><\/label><div class=\"wpforms-field-row wpforms-field-medium\"><div class=\"wpforms-field-row-block wpforms-first wpforms-one-half\"><input type=\"text\" id=\"wpforms-93-field_0\" class=\"wpforms-field-name-first wpforms-field-required\" name=\"wpforms[fields][0][first]\" required><label for=\"wpforms-93-field_0\" class=\"wpforms-field-sublabel after \">Pr\u00e9nom<\/label><\/div><div class=\"wpforms-field-row-block wpforms-one-half\"><input type=\"text\" id=\"wpforms-93-field_0-last\" class=\"wpforms-field-name-last wpforms-field-required\" name=\"wpforms[fields][0][last]\" required><label for=\"wpforms-93-field_0-last\" class=\"wpforms-field-sublabel after \">Nom<\/label><\/div><\/div><\/div><div id=\"wpforms-93-field_1-container\" class=\"wpforms-field wpforms-field-email\" data-field-id=\"1\"><label class=\"wpforms-field-label\" for=\"wpforms-93-field_1\">E-mail <span class=\"wpforms-required-label\">*<\/span><\/label><input type=\"email\" id=\"wpforms-93-field_1\" class=\"wpforms-field-medium wpforms-field-required\" name=\"wpforms[fields][1]\" spellcheck=\"false\" required><\/div><div id=\"wpforms-93-field_4-container\" class=\"wpforms-field wpforms-field-text\" data-field-id=\"4\"><label class=\"wpforms-field-label\" for=\"wpforms-93-field_4\">Affiliation <span class=\"wpforms-required-label\">*<\/span><\/label><input type=\"text\" id=\"wpforms-93-field_4\" class=\"wpforms-field-medium wpforms-field-required\" name=\"wpforms[fields][4]\" required><\/div><div id=\"wpforms-93-field_5-container\" class=\"wpforms-field wpforms-field-checkbox\" data-field-id=\"5\"><label class=\"wpforms-field-label\" for=\"wpforms-93-field_5\">Journ\u00e9e scientifique<\/label><ul id=\"wpforms-93-field_5\"><li class=\"choice-1 depth-1\"><input type=\"checkbox\" id=\"wpforms-93-field_5_1\" name=\"wpforms[fields][5][]\" value=\"26 novembre : Nuit du 26 au 27 novembre\"  ><label class=\"wpforms-field-label-inline\" for=\"wpforms-93-field_5_1\">26 novembre : Nuit du 26 au 27 novembre<\/label><\/li><li class=\"choice-2 depth-1\"><input type=\"checkbox\" id=\"wpforms-93-field_5_2\" name=\"wpforms[fields][5][]\" value=\"27 novembre : D\u00e9jeuner \u00e0 la MSHS\"  ><label class=\"wpforms-field-label-inline\" for=\"wpforms-93-field_5_2\">27 novembre : D\u00e9jeuner \u00e0 la MSHS<\/label><\/li><li class=\"choice-3 depth-1\"><input type=\"checkbox\" id=\"wpforms-93-field_5_3\" name=\"wpforms[fields][5][]\" value=\"27 novembre : Transport jusqu\u2019au mus\u00e9e arch\u00e9ologique le soir du 27 novembre\"  ><label class=\"wpforms-field-label-inline\" for=\"wpforms-93-field_5_3\">27 novembre : Transport jusqu\u2019au mus\u00e9e arch\u00e9ologique le soir du 27 novembre<\/label><\/li><li class=\"choice-4 depth-1\"><input type=\"checkbox\" id=\"wpforms-93-field_5_4\" name=\"wpforms[fields][5][]\" value=\"27 novembre : Buffet au mus\u00e9e arch\u00e9ologique (d\u00eener du 27 novembre au soir)\"  ><label class=\"wpforms-field-label-inline\" for=\"wpforms-93-field_5_4\">27 novembre : Buffet au mus\u00e9e arch\u00e9ologique (d\u00eener du 27 novembre au soir)<\/label><\/li><li class=\"choice-5 depth-1\"><input type=\"checkbox\" id=\"wpforms-93-field_5_5\" name=\"wpforms[fields][5][]\" value=\"27 novembre : Nuit du 27 au 28 novembre\"  ><label class=\"wpforms-field-label-inline\" for=\"wpforms-93-field_5_5\">27 novembre : Nuit du 27 au 28 novembre<\/label><\/li><\/ul><\/div><div id=\"wpforms-93-field_6-container\" class=\"wpforms-field wpforms-field-checkbox\" data-field-id=\"6\"><label class=\"wpforms-field-label\" for=\"wpforms-93-field_6\">Journ\u00e9e associative et p\u00e9dagogique<\/label><ul id=\"wpforms-93-field_6\"><li class=\"choice-1 depth-1\"><input type=\"checkbox\" id=\"wpforms-93-field_6_1\" name=\"wpforms[fields][6][]\" value=\"28 novembre : D\u00e9jeuner du 28 novembre D\u00e9jeuner \u00e0 la MSHS\"  ><label class=\"wpforms-field-label-inline\" for=\"wpforms-93-field_6_1\">28 novembre : D\u00e9jeuner du 28 novembre D\u00e9jeuner \u00e0 la MSHS<\/label><\/li><li class=\"choice-2 depth-1\"><input type=\"checkbox\" id=\"wpforms-93-field_6_2\" name=\"wpforms[fields][6][]\" value=\"28 novembre : D\u00eener du congr\u00e8s du 28 novembre (restaurant \u00e0 pr\u00e9ciser)\"  ><label class=\"wpforms-field-label-inline\" for=\"wpforms-93-field_6_2\">28 novembre : D\u00eener du congr\u00e8s du 28 novembre (restaurant \u00e0 pr\u00e9ciser)<\/label><\/li><li class=\"choice-3 depth-1\"><input type=\"checkbox\" id=\"wpforms-93-field_6_3\" name=\"wpforms[fields][6][]\" value=\"28 novembre : Nuit du 28 au 29 novembre\"  ><label class=\"wpforms-field-label-inline\" for=\"wpforms-93-field_6_3\">28 novembre : Nuit du 28 au 29 novembre<\/label><\/li><\/ul><\/div><div id=\"wpforms-93-field_7-container\" class=\"wpforms-field wpforms-field-checkbox\" data-field-id=\"7\"><label class=\"wpforms-field-label\" for=\"wpforms-93-field_7\">Journ\u00e9e culturelle<\/label><ul id=\"wpforms-93-field_7\"><li class=\"choice-1 depth-1\"><input type=\"checkbox\" id=\"wpforms-93-field_7_1\" name=\"wpforms[fields][7][]\" value=\"29 novembre : Visite de la Villa K\u00e9rylos (29 novembre matin)\"  ><label class=\"wpforms-field-label-inline\" for=\"wpforms-93-field_7_1\">29 novembre : Visite de la Villa K\u00e9rylos (29 novembre matin)<\/label><\/li><li class=\"choice-2 depth-1\"><input type=\"checkbox\" id=\"wpforms-93-field_7_2\" name=\"wpforms[fields][7][]\" value=\"29 novembre : D\u00e9jeuner Beaulieu-sur-Mer\"  ><label class=\"wpforms-field-label-inline\" for=\"wpforms-93-field_7_2\">29 novembre : D\u00e9jeuner Beaulieu-sur-Mer<\/label><\/li><li class=\"choice-3 depth-1\"><input type=\"checkbox\" id=\"wpforms-93-field_7_3\" name=\"wpforms[fields][7][]\" value=\"29 novembre : Visite \u00e0 Beaulieu-sur-Mer\"  ><label class=\"wpforms-field-label-inline\" for=\"wpforms-93-field_7_3\">29 novembre : Visite \u00e0 Beaulieu-sur-Mer<\/label><\/li><\/ul><\/div><div id=\"wpforms-93-field_2-container\" class=\"wpforms-field wpforms-field-textarea\" data-field-id=\"2\"><label class=\"wpforms-field-label\" for=\"wpforms-93-field_2\">Commentaire ou message<\/label><textarea id=\"wpforms-93-field_2\" class=\"wpforms-field-medium\" name=\"wpforms[fields][2]\" ><\/textarea><\/div><div id=\"wpforms-93-field_3-container\" class=\"wpforms-field wpforms-field-gdpr-checkbox\" data-field-id=\"3\"><label class=\"wpforms-field-label\" for=\"wpforms-93-field_3\">Usage de vos donn\u00e9es personnelles <span class=\"wpforms-required-label\">*<\/span><\/label><ul id=\"wpforms-93-field_3\" class=\"wpforms-field-required\"><li class=\"choice-1\"><input type=\"checkbox\" id=\"wpforms-93-field_3_1\" name=\"wpforms[fields][3][]\" value=\"Je consens \u00e0 ce que ce site stocke les informations renseign\u00e9es ci-dessus afin qu\u2019il puisse prendre en consid\u00e9ration mon inscription\" required ><label class=\"wpforms-field-label-inline\" for=\"wpforms-93-field_3_1\">Je consens \u00e0 ce que ce site stocke les informations renseign\u00e9es ci-dessus afin qu\u2019il puisse prendre en consid\u00e9ration mon inscription<\/label><\/li><\/ul><\/div><\/div><!-- .wpforms-field-container --><div class=\"wpforms-field wpforms-field-hp\"><label for=\"wpforms-93-field-hp\" class=\"wpforms-field-label\">Message<\/label><input type=\"text\" name=\"wpforms[hp]\" id=\"wpforms-93-field-hp\" class=\"wpforms-field-medium\"><\/div><div class=\"wpforms-submit-container\" ><input type=\"hidden\" name=\"wpforms[id]\" value=\"93\"><input type=\"hidden\" name=\"wpforms[author]\" value=\"1\"><button type=\"submit\" name=\"wpforms[submit]\" id=\"wpforms-submit-93\" class=\"wpforms-submit\" data-alt-text=\"Envoi...\" data-submit-text=\"Envoyer\" aria-live=\"assertive\" value=\"wpforms-submit\">Envoyer<\/button><\/div><\/form><\/div>  <!-- .wpforms-container -->\n","protected":false},"excerpt":{"rendered":"<p>\u00ab\u00a0Merci de vous inscrire pour tous les items souhait\u00e9s (h\u00e9bergement, repas, sorties) et de nous renvoyer ce formulaire au plus tard le 15 avril si vous souhaitez que votre h\u00e9bergement soit pris en charge (au-del\u00e0 de cette date et jusqu\u2019au 15 mai, vous pourrez vous inscrire en prenant vous-m\u00eame en charge votre h\u00e9bergement, avec un [&hellip;]<\/p>\n","protected":false},"author":1,"featured_media":0,"parent":0,"menu_order":0,"comment_status":"closed","ping_status":"closed","template":"","meta":{"footnotes":""},"categories":[],"tags":[],"_links":{"self":[{"href":"https:\/\/www.cepam.cnrs.fr\/sites\/temps\/wp-json\/wp\/v2\/pages\/14"}],"collection":[{"href":"https:\/\/www.cepam.cnrs.fr\/sites\/temps\/wp-json\/wp\/v2\/pages"}],"about":[{"href":"https:\/\/www.cepam.cnrs.fr\/sites\/temps\/wp-json\/wp\/v2\/types\/page"}],"author":[{"embeddable":true,"href":"https:\/\/www.cepam.cnrs.fr\/sites\/temps\/wp-json\/wp\/v2\/users\/1"}],"replies":[{"embeddable":true,"href":"https:\/\/www.cepam.cnrs.fr\/sites\/temps\/wp-json\/wp\/v2\/comments?post=14"}],"version-history":[{"count":7,"href":"https:\/\/www.cepam.cnrs.fr\/sites\/temps\/wp-json\/wp\/v2\/pages\/14\/revisions"}],"predecessor-version":[{"id":94,"href":"https:\/\/www.cepam.cnrs.fr\/sites\/temps\/wp-json\/wp\/v2\/pages\/14\/revisions\/94"}],"wp:attachment":[{"href":"https:\/\/www.cepam.cnrs.fr\/sites\/temps\/wp-json\/wp\/v2\/media?parent=14"}],"wp:term":[{"taxonomy":"category","embeddable":true,"href":"https:\/\/www.cepam.cnrs.fr\/sites\/temps\/wp-json\/wp\/v2\/categories?post=14"},{"taxonomy":"post_tag","embeddable":true,"href":"https:\/\/www.cepam.cnrs.fr\/sites\/temps\/wp-json\/wp\/v2\/tags?post=14"}],"curies":[{"name":"wp","href":"https:\/\/api.w.org\/{rel}","templated":true}]}}