{"id":10,"date":"2020-01-14T08:53:13","date_gmt":"2020-01-14T07:53:13","guid":{"rendered":"http:\/\/www.cepam.cnrs.fr\/sites\/temps\/?page_id=10"},"modified":"2020-09-14T10:17:24","modified_gmt":"2020-09-14T08:17:24","slug":"lieux-du-congres","status":"publish","type":"page","link":"https:\/\/www.cepam.cnrs.fr\/sites\/temps\/lieux-du-congres\/","title":{"rendered":"Lieux du congr\u00e8s"},"content":{"rendered":"<p>Les lieux dans lesquelles se d\u00e9rouleront le congr\u00e8s du 27 au 29 novembre :<\/p>\n<p>27 et 28 novembre : Nice, Saint Jean d&rsquo;Ang\u00e9ly 3, MSHS, salle plate (rdc) et mus\u00e9e de Cimiez (Nice)<\/p>\n<p>Toutes les informations d&rsquo;acc\u00e8s \u00e0 la MSHS sont disponibles sur le site internet de la MSHS Sud-Est \u00e0 cette adresse\u00a0<a href=\"http:\/\/unice.fr\/mshs\/presentation\/acces-mshs\" target=\"_blank\" rel=\"noopener noreferrer\">http:\/\/unice.fr\/mshs\/presentation\/acces-mshs\u00a0<\/a><\/p>\n<p>29 novembre : Beaulieu, Villa K\u00e9rylos<\/p>\n<p><iframe loading=\"lazy\" style=\"border: 0;\" src=\"https:\/\/www.google.com\/maps\/embed?pb=!1m18!1m12!1m3!1d2884.3542927765066!2d7.331705716168989!3d43.70318575721383!2m3!1f0!2f0!3f0!3m2!1i1024!2i768!4f13.1!3m3!1m2!1s0x12cddb4bd9536cbd%3A0x477effa64ee03450!2sVilla%20K%C3%A9rylos!5e0!3m2!1sfr!2sfr!4v1583330582286!5m2!1sfr!2sfr\" width=\"500\" height=\"200\" frameborder=\"0\" allowfullscreen=\"allowfullscreen\"><\/iframe><\/p>\n","protected":false},"excerpt":{"rendered":"<p>Les lieux dans lesquelles se d\u00e9rouleront le congr\u00e8s du 27 au 29 novembre : 27 et 28 novembre : Nice, Saint Jean d&rsquo;Ang\u00e9ly 3, MSHS, salle plate (rdc) et mus\u00e9e de Cimiez (Nice) Toutes les informations d&rsquo;acc\u00e8s \u00e0 la MSHS sont disponibles sur le site internet de la MSHS Sud-Est \u00e0 cette adresse\u00a0http:\/\/unice.fr\/mshs\/presentation\/acces-mshs\u00a0 29 novembre [&hellip;]<\/p>\n","protected":false},"author":1,"featured_media":0,"parent":0,"menu_order":0,"comment_status":"closed","ping_status":"closed","template":"","meta":{"footnotes":""},"categories":[],"tags":[],"_links":{"self":[{"href":"https:\/\/www.cepam.cnrs.fr\/sites\/temps\/wp-json\/wp\/v2\/pages\/10"}],"collection":[{"href":"https:\/\/www.cepam.cnrs.fr\/sites\/temps\/wp-json\/wp\/v2\/pages"}],"about":[{"href":"https:\/\/www.cepam.cnrs.fr\/sites\/temps\/wp-json\/wp\/v2\/types\/page"}],"author":[{"embeddable":true,"href":"https:\/\/www.cepam.cnrs.fr\/sites\/temps\/wp-json\/wp\/v2\/users\/1"}],"replies":[{"embeddable":true,"href":"https:\/\/www.cepam.cnrs.fr\/sites\/temps\/wp-json\/wp\/v2\/comments?post=10"}],"version-history":[{"count":14,"href":"https:\/\/www.cepam.cnrs.fr\/sites\/temps\/wp-json\/wp\/v2\/pages\/10\/revisions"}],"predecessor-version":[{"id":117,"href":"https:\/\/www.cepam.cnrs.fr\/sites\/temps\/wp-json\/wp\/v2\/pages\/10\/revisions\/117"}],"wp:attachment":[{"href":"https:\/\/www.cepam.cnrs.fr\/sites\/temps\/wp-json\/wp\/v2\/media?parent=10"}],"wp:term":[{"taxonomy":"category","embeddable":true,"href":"https:\/\/www.cepam.cnrs.fr\/sites\/temps\/wp-json\/wp\/v2\/categories?post=10"},{"taxonomy":"post_tag","embeddable":true,"href":"https:\/\/www.cepam.cnrs.fr\/sites\/temps\/wp-json\/wp\/v2\/tags?post=10"}],"curies":[{"name":"wp","href":"https:\/\/api.w.org\/{rel}","templated":true}]}}