{"id":355,"date":"2024-03-18T16:41:27","date_gmt":"2024-03-18T15:41:27","guid":{"rendered":"https:\/\/www.cepam.cnrs.fr\/sites\/mermaid\/?page_id=355"},"modified":"2024-03-18T16:41:28","modified_gmt":"2024-03-18T15:41:28","slug":"sotiria-gavrou","status":"publish","type":"page","link":"https:\/\/www.cepam.cnrs.fr\/sites\/mermaid\/?page_id=355","title":{"rendered":"Sotiria Gavrou"},"content":{"rendered":"\n<div class=\"wp-block-columns is-layout-flex wp-container-core-columns-layout-1 wp-block-columns-is-layout-flex\">\n<div class=\"wp-block-column is-layout-flow wp-block-column-is-layout-flow\" style=\"flex-basis:66.66%\">\n<p>I am a Phd student on the MERMAID project, and hold a master&rsquo;s degree in zooarchaeology from the University of Strasbourg. My research focuses on exploring the continuities\/variations in the seasonal organization of fishing and collecting activities in ancient Mediterranean communities. Specifically, I investigate marine faunal remains, including fish bones and shells, extracted from archaeological sites. I focus particularly on the most commonly exploited species in Aegean prehistory and antiquity. To address these questions comprehensively, my thesis adopts a multidisciplinary and diachronic approach.<\/p>\n\n\n\n<p>P\u00eache\/collecte, saisonnalit\u00e9, M\u00e9diterran\u00e9e, arch\u00e9ozoologie, faune marine, strat\u00e9gies de subsistance, poissons, coquillages<\/p>\n<\/div>\n\n\n\n<div class=\"wp-block-column is-layout-flow wp-block-column-is-layout-flow\" style=\"flex-basis:33.33%\">\n<figure class=\"wp-block-image size-full\"><img loading=\"lazy\" decoding=\"async\" width=\"200\" height=\"317\" src=\"https:\/\/www.cepam.cnrs.fr\/sites\/mermaid\/wp-content\/uploads\/sites\/12\/2024\/03\/Sissy.jpg\" alt=\"\" class=\"wp-image-356\" srcset=\"https:\/\/www.cepam.cnrs.fr\/sites\/mermaid\/wp-content\/uploads\/sites\/12\/2024\/03\/Sissy.jpg 200w, https:\/\/www.cepam.cnrs.fr\/sites\/mermaid\/wp-content\/uploads\/sites\/12\/2024\/03\/Sissy-189x300.jpg 189w\" sizes=\"(max-width: 200px) 100vw, 200px\" \/><\/figure>\n<\/div>\n<\/div>\n","protected":false},"excerpt":{"rendered":"<p>I am a Phd student on the MERMAID project, and hold a master&rsquo;s degree in zooarchaeology from the University of Strasbourg. My research focuses on exploring the continuities\/variations in the seasonal organization of fishing and collecting activities in ancient Mediterranean communities. Specifically, I investigate marine faunal remains, including fish bones [&hellip;]<\/p>\n","protected":false},"author":2,"featured_media":0,"parent":47,"menu_order":0,"comment_status":"closed","ping_status":"closed","template":"","meta":{"footnotes":""},"categories":[],"tags":[],"_links":{"self":[{"href":"https:\/\/www.cepam.cnrs.fr\/sites\/mermaid\/index.php?rest_route=\/wp\/v2\/pages\/355"}],"collection":[{"href":"https:\/\/www.cepam.cnrs.fr\/sites\/mermaid\/index.php?rest_route=\/wp\/v2\/pages"}],"about":[{"href":"https:\/\/www.cepam.cnrs.fr\/sites\/mermaid\/index.php?rest_route=\/wp\/v2\/types\/page"}],"author":[{"embeddable":true,"href":"https:\/\/www.cepam.cnrs.fr\/sites\/mermaid\/index.php?rest_route=\/wp\/v2\/users\/2"}],"replies":[{"embeddable":true,"href":"https:\/\/www.cepam.cnrs.fr\/sites\/mermaid\/index.php?rest_route=%2Fwp%2Fv2%2Fcomments&post=355"}],"version-history":[{"count":1,"href":"https:\/\/www.cepam.cnrs.fr\/sites\/mermaid\/index.php?rest_route=\/wp\/v2\/pages\/355\/revisions"}],"predecessor-version":[{"id":357,"href":"https:\/\/www.cepam.cnrs.fr\/sites\/mermaid\/index.php?rest_route=\/wp\/v2\/pages\/355\/revisions\/357"}],"up":[{"embeddable":true,"href":"https:\/\/www.cepam.cnrs.fr\/sites\/mermaid\/index.php?rest_route=\/wp\/v2\/pages\/47"}],"wp:attachment":[{"href":"https:\/\/www.cepam.cnrs.fr\/sites\/mermaid\/index.php?rest_route=%2Fwp%2Fv2%2Fmedia&parent=355"}],"wp:term":[{"taxonomy":"category","embeddable":true,"href":"https:\/\/www.cepam.cnrs.fr\/sites\/mermaid\/index.php?rest_route=%2Fwp%2Fv2%2Fcategories&post=355"},{"taxonomy":"post_tag","embeddable":true,"href":"https:\/\/www.cepam.cnrs.fr\/sites\/mermaid\/index.php?rest_route=%2Fwp%2Fv2%2Ftags&post=355"}],"curies":[{"name":"wp","href":"https:\/\/api.w.org\/{rel}","templated":true}]}}