{"id":2,"date":"2018-08-10T09:09:53","date_gmt":"2018-08-10T07:09:53","guid":{"rendered":"http:\/\/www.cepam.cnrs.fr\/sites\/master-hamam\/?page_id=2"},"modified":"2018-08-14T14:55:15","modified_gmt":"2018-08-14T12:55:15","slug":"page-d-exemple","status":"publish","type":"page","link":"https:\/\/www.cepam.cnrs.fr\/sites\/master-hamam\/","title":{"rendered":"Pr\u00e9sentation du Master Histoire Sp\u00e9cialit\u00e9 \u00ab Histoire et arch\u00e9ologie des mondes anciens et m\u00e9di\u00e9vaux \u00bb HAMAM"},"content":{"rendered":"<figure id=\"attachment_5\" aria-describedby=\"caption-attachment-5\" style=\"width: 200px\" class=\"wp-caption alignright\"><img loading=\"lazy\" decoding=\"async\" class=\" alignright size-full wp-image-5\" title=\"Fouille arch\u00e9ologique, chapelle Saint-Sauveur, \u00eele de L\u00e9rins\" src=\"http:\/\/www.cepam.cnrs.fr\/sites\/master-hamam\/wp-content\/uploads\/sites\/3\/2012\/03\/fouille-lerins_saint_sauveur-2.jpg\" alt=\"Fouille arch\u00e9ologique, chapelle Saint-Sauveur, \u00eele de L\u00e9rins\" width=\"200\" height=\"278\" align=\"right\" data-description=\"Fouille arch\u00e9ologique, chapelle Saint-Sauveur, \u00eele de L\u00e9rins\" \/><figcaption id=\"caption-attachment-5\" class=\"wp-caption-text\">Fouille arch\u00e9ologique, chapelle Saint-Sauveur, \u00eele de L\u00e9rins<\/figcaption><\/figure>\n<p>Le Master vise principalement \u00e0 former les \u00e9tudiants \u00e0 la recherche dans les domaines de l\u2019<strong>histoire de l\u2019Antiquit\u00e9 et du Moyen \u00c2ge<\/strong> et de l\u2019<strong>arch\u00e9ologie<\/strong> (\u00e9tude monumentale et techniques de fouille), en les initiant aux m\u00e9thodes et aux grandes probl\u00e9matiques relevant de ces champs chronologique et disciplinaire et en leur offrant la possibilit\u00e9 d\u2019acqu\u00e9rir la ma\u00eetrise de techniques de lecture et de traitement des donn\u00e9es renvoyant plus sp\u00e9cifiquement aux sp\u00e9cialit\u00e9s de leur choix.<\/p>\n<p>La formation s\u2019appuie sur les <strong>ressources<\/strong> et les <strong>\u00e9quipes du laboratoire<\/strong> <a href=\"http:\/\/www.cepam.cnrs.fr\">Cultures et Environnements. Pr\u00e9histoire, Antiquit\u00e9, Moyen \u00c2ge (<strong>CEPAM<\/strong>)<\/a>, unit\u00e9 mixte de recherche de l\u2019Universit\u00e9 Nice Sophia Antipolis et du CNRS, qui rassemble des enseignants-chercheurs et des chercheurs travaillant en particulier sur l\u2019\u00e9laboration, la fonction et les usages des <strong>monuments<\/strong>, des <strong>textes<\/strong> et des <strong>images dans les soci\u00e9t\u00e9s antiques et m\u00e9di\u00e9vales<\/strong>, sur l\u2019<strong>arch\u00e9ologie du paysage et l\u2019histoire du peuplement<\/strong>.<\/p>\n<figure id=\"attachment_6\" aria-describedby=\"caption-attachment-6\" style=\"width: 524px\" class=\"wp-caption aligncenter\"><img loading=\"lazy\" decoding=\"async\" class=\" aligncenter size-full wp-image-6\" title=\"Manuscrit\" src=\"http:\/\/www.cepam.cnrs.fr\/sites\/master-hamam\/wp-content\/uploads\/sites\/3\/2012\/03\/manuscrit.jpg\" alt=\"Manuscrit\" width=\"524\" height=\"233\" align=\"center\" srcset=\"https:\/\/www.cepam.cnrs.fr\/sites\/master-hamam\/wp-content\/uploads\/sites\/3\/2012\/03\/manuscrit.jpg 524w, https:\/\/www.cepam.cnrs.fr\/sites\/master-hamam\/wp-content\/uploads\/sites\/3\/2012\/03\/manuscrit-300x133.jpg 300w\" sizes=\"(max-width: 524px) 100vw, 524px\" \/><figcaption id=\"caption-attachment-6\" class=\"wp-caption-text\">Manuscrit<\/figcaption><\/figure>\n","protected":false},"excerpt":{"rendered":"<p>Le Master vise principalement \u00e0 former les \u00e9tudiants \u00e0 la recherche dans les domaines de l\u2019histoire de l\u2019Antiquit\u00e9 et du Moyen \u00c2ge et de l\u2019arch\u00e9ologie (\u00e9tude monumentale et techniques de fouille), en les initiant aux m\u00e9thodes et aux grandes probl\u00e9matiques relevant de ces champs chronologique et disciplinaire et en leur offrant la possibilit\u00e9 d\u2019acqu\u00e9rir la &hellip; <a href=\"https:\/\/www.cepam.cnrs.fr\/sites\/master-hamam\/\" class=\"more-link\">Continuer la lecture de <span class=\"screen-reader-text\">Pr\u00e9sentation du Master Histoire Sp\u00e9cialit\u00e9 \u00ab Histoire et arch\u00e9ologie des mondes anciens et m\u00e9di\u00e9vaux \u00bb HAMAM<\/span><\/a><\/p>\n","protected":false},"author":1,"featured_media":0,"parent":0,"menu_order":0,"comment_status":"closed","ping_status":"open","template":"","meta":{"footnotes":""},"categories":[],"tags":[],"_links":{"self":[{"href":"https:\/\/www.cepam.cnrs.fr\/sites\/master-hamam\/wp-json\/wp\/v2\/pages\/2"}],"collection":[{"href":"https:\/\/www.cepam.cnrs.fr\/sites\/master-hamam\/wp-json\/wp\/v2\/pages"}],"about":[{"href":"https:\/\/www.cepam.cnrs.fr\/sites\/master-hamam\/wp-json\/wp\/v2\/types\/page"}],"author":[{"embeddable":true,"href":"https:\/\/www.cepam.cnrs.fr\/sites\/master-hamam\/wp-json\/wp\/v2\/users\/1"}],"replies":[{"embeddable":true,"href":"https:\/\/www.cepam.cnrs.fr\/sites\/master-hamam\/wp-json\/wp\/v2\/comments?post=2"}],"version-history":[{"count":1,"href":"https:\/\/www.cepam.cnrs.fr\/sites\/master-hamam\/wp-json\/wp\/v2\/pages\/2\/revisions"}],"predecessor-version":[{"id":54,"href":"https:\/\/www.cepam.cnrs.fr\/sites\/master-hamam\/wp-json\/wp\/v2\/pages\/2\/revisions\/54"}],"wp:attachment":[{"href":"https:\/\/www.cepam.cnrs.fr\/sites\/master-hamam\/wp-json\/wp\/v2\/media?parent=2"}],"wp:term":[{"taxonomy":"category","embeddable":true,"href":"https:\/\/www.cepam.cnrs.fr\/sites\/master-hamam\/wp-json\/wp\/v2\/categories?post=2"},{"taxonomy":"post_tag","embeddable":true,"href":"https:\/\/www.cepam.cnrs.fr\/sites\/master-hamam\/wp-json\/wp\/v2\/tags?post=2"}],"curies":[{"name":"wp","href":"https:\/\/api.w.org\/{rel}","templated":true}]}}