{"id":14,"date":"2024-09-23T15:51:34","date_gmt":"2024-09-23T13:51:34","guid":{"rendered":"https:\/\/www.cepam.cnrs.fr\/sites\/gdrsilex\/?page_id=14"},"modified":"2024-09-23T15:51:36","modified_gmt":"2024-09-23T13:51:36","slug":"bibliographie","status":"publish","type":"page","link":"https:\/\/www.cepam.cnrs.fr\/sites\/gdrsilex\/bibliographie\/","title":{"rendered":"Bibliographie"},"content":{"rendered":"\n<p><strong><div id=\"wphal-content\"><div id=\"meta\">\n        <div class=\"display\" id=\"wphal-contact\" style=\"display: none\">\n            <h3 class=\"wphal-titre\">Contact<\/h3>\n\n            <ul id=\"wphal-cont\" style=\"list-style-type: none\"><\/ul>\n        <\/div>\n        <div class=\"display\" id=\"wphal-disciplines\" style=\"display: none\">\n            <h3 class=\"wphal-titre\">Disciplines<\/h3><\/div>\n        <div class=\"display\" id=\"wphal-keywords\" style=\"display: none\">\n            <h3 class=\"wphal-titre\">Mots-clefs<\/h3><\/div>\n        <div class=\"display\" id=\"wphal-auteurs\" style=\"display: none\">\n            <h3 class=\"wphal-titre\">Auteurs<\/h3><\/div>\n        <div class=\"display\" id=\"wphal-affiliated\" style=\"display: none\">\n            <h3 class=\"wphal-titre\">Auteurs de la structure<\/h3><\/div>\n        <div class=\"display\" id=\"wphal-revues\" style=\"display: none\">\n            <h3 class=\"wphal-titre\">Revues<\/h3><\/div>\n        <div class=\"display\" id=\"wphal-annees\" style=\"display: none\">\n            <h3 class=\"wphal-titre\">Ann\u00e9e de production<\/h3><\/div>\n        <div class=\"display\" id=\"wphal-insts\" style=\"display: none\">\n            <h3 class=\"wphal-titre\">Institutions<\/h3><\/div>\n       <div class=\"display\" id=\"wphal-labs\" style=\"display: none\">\n            <h3 class=\"wphal-titre\">Laboratoires<\/h3><\/div>\n       <div class=\"display\" id=\"wphal-depts\" style=\"display: none\">\n            <h3 class=\"wphal-titre\">D\u00e9partements<\/h3><\/div>\n       <div class=\"display\" id=\"wphal-equipes\" style=\"display: none\">\n            <h3 class=\"wphal-titre\">\u00c9quipes de recherche<\/h3><\/div>\n    <div class=\"display\" id=\"publications\"><div class=\"counter-doc\"><span class=\"wphal-nbtot\">33 <\/span>documents<\/div><br><div class=\"grp-div\"><h3 class=\"wphal-titre-groupe\">Articles dans une revue<span class=\"wphal-nbmetadata\" style=\"margin-left:10px\">2 documents<\/span><\/h3><div class=\"grp-content\"><ul><li>Christophe Tuff\u00e9ry, Vincent Delvigne, Paul Fernandes, J\u00e9r\u00e9my Garniaux. Protocole de pr\u00e9paration et de republication des donn\u00e9es du BRGM sur les formations \u00e0 silicites. <i>Pr\u00e9histoires M\u00e9diterran\u00e9ennes<\/i>, 2022, Varia, 10, <a target=\"_blank\" href=\"https:\/\/dx.doi.org\/10.4000\/pm.3483\">&#x27E8;10.4000\/pm.3483&#x27E9;<\/a>. <a target=\"_blank\" href=\"https:\/\/inrap.hal.science\/hal-03884693v1\">&#x27E8;hal-03884693&#x27E9;<\/a><\/li><li>Christophe Tuff\u00e9ry, Vincent Delvigne, Paul Fernandes, C\u00e9line Bressy-L\u00e9andri. \u00c0 propos de quelques outils de collecte de donn\u00e9es\u00a0: r\u00e9flexions sur les pratiques num\u00e9riques en arch\u00e9ologie. <i>Humanit\u00e9s num\u00e9riques<\/i>, 2021, Humanit\u00e9s num\u00e9riques spatialis\u00e9es, 3, <a target=\"_blank\" href=\"https:\/\/dx.doi.org\/10.4000\/revuehn.1603\">&#x27E8;10.4000\/revuehn.1603&#x27E9;<\/a>. <a target=\"_blank\" href=\"https:\/\/inrap.hal.science\/hal-03229445v1\">&#x27E8;hal-03229445&#x27E9;<\/a><\/li><\/ul><\/div><\/div><br><div class=\"grp-div\"><h3 class=\"wphal-titre-groupe\">Communications dans un congr\u00e8s<span class=\"wphal-nbmetadata\" style=\"margin-left:10px\">25 documents<\/span><\/h3><div class=\"grp-content\"><ul><li>Alain Queffelec, Vincent Delvigne, Arthur Leck, Morgane de Parthenay, Ludovic Bellot-Gurlet, et al.. Provenance des mat\u00e9riaux lithiques dans les Antilles : silex, jaspe, obsidienne et compagnie.. <i>Table ronde \" PCR \u00ab R\u00e9seau de lithoth\u00e8ques \u00bb et GDR \u00ab Silex \u00bb : Bilan de quinze ans d\u2019approche dynamique des silicites\"<\/i>, Soci\u00e9t\u00e9 pr\u00e9historique fran\u00e7aise, Nov 2023, Lyon, France. <a target=\"_blank\" href=\"https:\/\/dx.doi.org\/10.31235\/osf.io\/p8wz7\">&#x27E8;10.31235\/osf.io\/p8wz7&#x27E9;<\/a>. <a target=\"_blank\" href=\"https:\/\/hal.science\/hal-04238190v1\">&#x27E8;hal-04238190&#x27E9;<\/a><\/li><li>Arnaud Kherdouche, Paul Fernandes, Guillaume Boccaccio, Julien Monney. Provenance des mat\u00e9riaux et conservation des vestiges lithiques en entr\u00e9e de grotte orn\u00e9e dans les gorges de l'Ard\u00e8che. L'apport de la p\u00e9tro-arch\u00e9ologie \u00e0 la compr\u00e9hension de la s\u00e9quence du Pal\u00e9olithique sup\u00e9rieur de la Grotte aux Points, Aigu\u00e8ze, Gard.. <i>PCR R\u00e9seau de lithoth\u00e8ques et GDR Silex, Bilan de 15 ans d'approches dynamiques sur les silicites<\/i>, Soci\u00e9t\u00e9 pr\u00e9historique fran\u00e7aise, Nov 2022, Lyon, France. <a target=\"_blank\" href=\"https:\/\/hal.science\/hal-04278422v1\">&#x27E8;hal-04278422&#x27E9;<\/a><\/li><li>Florian Perron, Vincent Delvigne, C\u00e9cile Ollivier-Alibert, Miguel Biard, Christine Chauss\u00e9, et al.. Les silexo\u00efdes ludiens d'\u00c9tiolles\u00a0: correspondances magdal\u00e9niennes et enjeux p\u00e9troarch\u00e9ologiques. <i>PCR \u00ab R\u00e9seau de lithoth\u00e8ques \u00bb et GDR \u00ab Silex \u00bb : Bilan de quinze ans d\u2019approche dynamique des silicites<\/i>, Pierre Allard, Rapha\u00ebl Angevin, Didier Binder, Fran\u00e7oise Bostyn, C\u00e9line Bressy-Leandri, Jean-Philippe Collin, Vincent Delvigne, Paul Fernandes, J\u00e9r\u00e9my Garniaux, Harold Lethrosne, Ludovic Mevel, Maurice Piboule, Jean-Paul Raynal, St\u00e9phane Renault, Antonin Tomasso, Christophe Tuff\u00e9ry, Erwan Vaissi\u00e9; Soci\u00e9t\u00e9 pr\u00e9historique fran\u00e7aise, Nov 2022, Lyon (FR), France. <a target=\"_blank\" href=\"https:\/\/hal.science\/hal-03901890v1\">&#x27E8;hal-03901890&#x27E9;<\/a><\/li><li>Emmanuelle Martial, Jean-Philippe Collin. Exploitation et diffusion des silex du Bassin de Mons (Belgique) dans le nord de la France au N\u00e9olithique r\u00e9cent et final.. <i>SILEX - SPF 2022 : PCR \u00ab R\u00e9seau de lithoth\u00e8ques \u00bb et GDR \u00ab Silex \u00bb : bilan de 15 ans d\u2019approche dynamique des silicites.<\/i>, Nov 2022, Lyon, France. <a target=\"_blank\" href=\"https:\/\/shs.hal.science\/halshs-03881261v1\">&#x27E8;halshs-03881261&#x27E9;<\/a><\/li><li>Vincent Delvigne, Paul Fernandes, Morgane de Parthenay, Quentin Aubel, Andr\u00e9 Morala, et al.. De la variabilit\u00e9 des silex s\u00e9noniens en Nouvelle-Aquitaine : approche p\u00e9trologique d\u2019un \u00e9pineux probl\u00e8me. <i>PCR \u00ab R\u00e9seau de lithoth\u00e8ques \u00bb et GDR \u00ab Silex \u00bb : Bilan de quinze ans d\u2019approche dynamique des silicites, Table ronde SPF<\/i>, Nov 2022, Lyon, France. <a target=\"_blank\" href=\"https:\/\/hal.science\/hal-03910632v1\">&#x27E8;hal-03910632&#x27E9;<\/a><\/li><li>Morgane de Parthenay, Vincent Delvigne, Laurent Klaric. Des r\u00e9seaux qui s\u2019entrecroisent : l\u2019exemple de la tradition technique rayssienne. <i>PCR \"R\u00e9seau de lithoth\u00e8ques\" et GDR \"Silex\" : Bilan de 15 ans d'approche dynamique des silicites<\/i>, Pierre Allard; Rapha\u00ebl Angevin; Michel Piboule; Jean-Paul Raynal; St\u00e9phane Ranault; Christophe Tuff\u00e9ry; Erwan Vaissi\u00e9; Fran\u00e7oise Bostyn; C\u00e9line Bressy-L\u00e9andri; Jean-Philippe Collin; Vincent Delvigne; Paul Fernandes; J\u00e9r\u00e9my Garniaux; Harold Lethrosne; Ludovic Mevel, Nov 2022, Lyon, France. <a target=\"_blank\" href=\"https:\/\/hal.science\/hal-03933517v1\">&#x27E8;hal-03933517&#x27E9;<\/a><\/li><li>Morgane de Parthenay, Vincent Delvigne, Laurent Klaric. Des r\u00e9seaux qui s'entrecroisent : l'exemple de la tradition technique rayssienne. <i>CR \u00ab R\u00e9seau de lithoth\u00e8ques \u00bb et GDR \u00ab Silex \u00bb : Bilan de quinze ans d\u2019approche dynamique des silicites, Table ronde SPF<\/i>, Nov 2022, Lyon, France. <a target=\"_blank\" href=\"https:\/\/hal.science\/hal-03910498v1\">&#x27E8;hal-03910498&#x27E9;<\/a><\/li><li>Vincent Delvigne, Rapha\u00ebl Angevin, Paul Fernandes, Harold Lethrosne, Jehanne Affolter, et al.. Six ans de PCR \u00ab R\u00e9seau de lithoth\u00e8ques \u00bb en r\u00e9gion Centre Val de Loire. <i>Journ\u00e9es de la Soci\u00e9t\u00e9 pr\u00e9historique fran\u00e7aise : PCR \u00ab R\u00e9seau de lithoth\u00e8ques \u00bb et GDR \u00ab Silex \u00bb \u2013 Bilan de 15 ans d\u2019approche dynamique des silicites<\/i>, Soci\u00e9t\u00e9 pr\u00e9historique fran\u00e7aise, Nov 2022, Lyon, France. <a target=\"_blank\" href=\"https:\/\/hal.science\/hal-03875642v1\">&#x27E8;hal-03875642&#x27E9;<\/a><\/li><li>Florian Perron, Vincent Delvigne, Pierre Bodu, Miguel Biard. Du Grand-Pressigny dans le Solutr\u00e9en moyen des marges septentrionales : quelles perspectives pour les dynamiques d'occupation de l'espace au nord de la Loire ?. <i>Bilan de 15 ans d\u2019approche dynamique des silicites, PCR \u00ab R\u00e9seau de lithoth\u00e8ques et GDR \u00ab Silex \u00bb, Journ\u00e9es de la Soci\u00e9t\u00e9 pr\u00e9historique fran\u00e7aise<\/i>, Soci\u00e9t\u00e9 Pr\u00e9historique fran\u00e7aise, GDR \"Silex\", PCR \" R\u00e9seau de lithoth\u00e8ques\"; Mus\u00e9e Lugdunum, Nov 2022, Lyon, France. <a target=\"_blank\" href=\"https:\/\/hal.science\/hal-04273964v1\">&#x27E8;hal-04273964&#x27E9;<\/a><\/li><li>Vincent Delvigne, Paul Fernandes, Mathieu Langlais, Pierre Allard, Audrey Lafarge, et al.. Cha\u00eene \u00e9volutive et cha\u00eene op\u00e9ratoire, le Janus de la techno-\u00e9conomie \u00e0 la fran\u00e7aise. <i>PCR \u00ab R\u00e9seau de lithoth\u00e8ques \u00bb et GDR \u00ab Silex \u00bb : Bilan de quinze ans d\u2019approche dynamique des silicites, Table ronde SPF<\/i>, Nov 2022, Lyon, France. <a target=\"_blank\" href=\"https:\/\/hal.science\/hal-03910544v1\">&#x27E8;hal-03910544&#x27E9;<\/a><\/li><li>Paul Fernandes, Vincent Delvigne, Michel Piboule, Jean-Paul Raynal. L'exploitation d'un litho-espace au Pal\u00e9olithique Moyen : exemple du site d'Appoigny-Les Bries dans vall\u00e9e de l'Yonne. <i>PCR \u00ab R\u00e9seau de lithoth\u00e8ques \u00bb et GDR \u00ab Silex \u00bb : Bilan de quinze ans d\u2019approche dynamique des silicites, Table ronde SPF<\/i>, Nov 2022, Lyon, France. <a target=\"_blank\" href=\"https:\/\/hal.science\/hal-03910504v1\">&#x27E8;hal-03910504&#x27E9;<\/a><\/li><li>Pasqualini Antoine, C\u00e9line Bressy-Leandri, Vincent Delvigne, Paul Fernandes, St\u00e9phane Renault, et al.. Vers un outil commun pour la gestion de nos lithoth\u00e8ques. <i>PCR \u00ab R\u00e9seau de lithoth\u00e8ques \u00bb et GDR \u00ab Silex \u00bb : Bilan de quinze ans d\u2019approche dynamique des silicites, Table ronde SPF<\/i>, Nov 2022, Lyon, France. <a target=\"_blank\" href=\"https:\/\/hal.science\/hal-03910529v1\">&#x27E8;hal-03910529&#x27E9;<\/a><\/li><li>Michel Piboule, Vincent Delvigne, Paul Fernandes, Jean-Paul Raynal. \u00c9volution des structures des silcr\u00e8tes p\u00e9dog\u00e9n\u00e9tiques : exemples pris dans le Massif central. <i>PCR \u00ab R\u00e9seau de lithoth\u00e8ques \u00bb et GDR \u00ab Silex \u00bb : Bilan de quinze ans d\u2019approche dynamique des silicites, Table ronde SPF<\/i>, Nov 2022, Lyon, France. <a target=\"_blank\" href=\"https:\/\/hal.science\/hal-03910571v1\">&#x27E8;hal-03910571&#x27E9;<\/a><\/li><li>Christophe Tuffery, Vincent Delvigne, Paul Fernandes, J\u00e9r\u00e9my Garniaux, St\u00e9phane Renault, et al.. La conception et la mise en oeuvre du site Web cartographique pour la publication de donn\u00e9es et de m\u00e9tadonn\u00e9es ouvertes sur les ressources en silicites pour la pr\u00e9histoire. <i>PCR \u00ab R\u00e9seau de lithoth\u00e8ques \u00bb et GDR \u00ab Silex \u00bb : Bilan de quinze ans d\u2019approche dynamique des silicites, Table ronde SPF<\/i>, Nov 2022, Lyon, France. <a target=\"_blank\" href=\"https:\/\/hal.science\/hal-03910523v1\">&#x27E8;hal-03910523&#x27E9;<\/a><\/li><li>Christophe Tuffery, Vincent Delvigne, Paul Fernandes, J\u00e9r\u00e9my Garniaux, St\u00e9phane Renault, et al.. La conception et la mise en oeuvre de l'application mobile pour la saisie et la publication de donn\u00e9es et de m\u00e9tadonn\u00e9es ouvertes sur les g\u00eetes \u00e0 silicites. <i>PCR \u00ab R\u00e9seau de lithoth\u00e8ques \u00bb et GDR \u00ab Silex \u00bb : Bilan de quinze ans d\u2019approche dynamique des silicites, Table ronde SPF<\/i>, Nov 2022, Lyon, France. <a target=\"_blank\" href=\"https:\/\/hal.science\/hal-03910517v1\">&#x27E8;hal-03910517&#x27E9;<\/a><\/li><li>Alain Queffelec, Vincent Delvigne, Arthur Leck, Morgane de Parthenay, Christian Stouvenot, et al.. Provenance des mat\u00e9riaux lithique dans les \u00eeles des Cara\u00efbes: \u00ab silex \u00bb, \u00ab jaspes \u00bb, obsidiennes et les autres ; un point sur le PCR \u00ab MAPLA \u00bb. <i>PCR \u00ab R\u00e9seau de lithoth\u00e8ques \u00bb et GDR \u00ab Silex \u00bb : Bilan de quinze ans d\u2019approche dynamique des silicites, Table ronde SPF<\/i>, Nov 2022, Lyon, France. <a target=\"_blank\" href=\"https:\/\/hal.science\/hal-03910564v1\">&#x27E8;hal-03910564&#x27E9;<\/a><\/li><li>Quentin Aubel, Micka\u00ebl Guiavar'Ch, Vincent Delvigne, Paul Fernandes, Nicolas Naudinot, et al.. Les galets de silex en position secondaire dans les cordons littoraux du Massif armoricain : approche p\u00e9trologique et micropal\u00e9ontologique. <i>PCR \u00ab R\u00e9seau de lithoth\u00e8ques \u00bb et GDR \u00ab Silex \u00bb : Bilan de quinze ans d\u2019approche dynamique des silicites, Table ronde SPF<\/i>, Nov 2022, Lyon, France. <a target=\"_blank\" href=\"https:\/\/hal.science\/hal-03910642v1\">&#x27E8;hal-03910642&#x27E9;<\/a><\/li><li>Paul Fernandes, Vincent Delvigne, Michel Piboule, Jean-Paul Raynal. Le poli brillant dit \u00ab gla\u00e7age \u00bb est-il directement li\u00e9 aux processus d'\u00e9olisation ? R\u00e9flexion \u00e0 partir des ventifacts du Cass\u00e9 \u00e0 Cornebarrieu (Haute-Garonne). <i>PCR \u00ab R\u00e9seau de lithoth\u00e8ques \u00bb et GDR \u00ab Silex \u00bb : Bilan de quinze ans d\u2019approche dynamique des silicites, Table ronde SPF<\/i>, Nov 2022, Lyon, France. <a target=\"_blank\" href=\"https:\/\/hal.science\/hal-03910534v1\">&#x27E8;hal-03910534&#x27E9;<\/a><\/li><li>Michel Piboule, Paul Fernandes, Vincent Delvigne, Jean-Paul Raynal. \u00c9volution des surfaces et des encro\u00fbtements siliceux sur les silex en zone vadose. <i>PCR \u00ab R\u00e9seau de lithoth\u00e8ques \u00bb et GDR \u00ab Silex \u00bb : Bilan de quinze ans d\u2019approche dynamique des silicites, Table ronde SPF<\/i>, Nov 2022, Lyon, France. <a target=\"_blank\" href=\"https:\/\/hal.science\/hal-03910537v1\">&#x27E8;hal-03910537&#x27E9;<\/a><\/li><li>Erwan Vaissi\u00e9, Alain Gibaud, Vincent Delvigne, Jean-Pierre Bracco, Paul Fernandes, et al.. Regard crois\u00e9 sur les g\u00e9oressources tertiaires du Bassin d'Aurillac et de Grande Limagne : caract\u00e9risation dynamique et implications arch\u00e9ologiques. <i>PCR \u00ab R\u00e9seau de lithoth\u00e8ques \u00bb et GDR \u00ab Silex \u00bb : Bilan de quinze ans d\u2019approche dynamique des silicites, Table ronde SPF<\/i>, Nov 2022, Lyon, France. <a target=\"_blank\" href=\"https:\/\/hal.science\/hal-03910511v1\">&#x27E8;hal-03910511&#x27E9;<\/a><\/li><li>Christophe Tuffery, Paul Fernandes, Vincent Delvigne. Using both a mobile GIS application and a webmapping application for collaborative networking: the experience of PCRs \u201cR\u00e9seau de lithoth\u00e8ques\u201d and GDR \u201cSILEX\u201d with multidisciplinary research groups for prehistoric studies. <i>CAA 2022<\/i>, Aug 2022, Oxford, United Kingdom. <a target=\"_blank\" href=\"https:\/\/hal.science\/hal-03910696v1\">&#x27E8;hal-03910696&#x27E9;<\/a><\/li><li>Christophe Tuffery, Vincent Delvigne, Paul Fernandes, J\u00e9r\u00e9my Garniaux, St\u00e9phane Renault. La publication de donn\u00e9es et de m\u00e9tadonn\u00e9es ouvertes sur les ressources en mati\u00e8res siliceuses pour la pr\u00e9histoire. L\u2019exp\u00e9rience du GDR SILEX. <i>S\u00e9minaire \"Des sources aux syst\u00e8mes d\u2019information g\u00e9ographique: des outils pour la cartographie dans les humanit\u00e9s num\u00e9rique\"<\/i>, May 2022, Paris, France. <a target=\"_blank\" href=\"https:\/\/hal.science\/hal-03910687v1\">&#x27E8;hal-03910687&#x27E9;<\/a><\/li><li>Fran\u00e7oise Bostyn, Jean-Philippe Collin, Pierre Allard, Didier Binder, Vincent Delvigne, et al.. GDR SILEX: aiming to a better understanding and characterization of siliceous raw material. A French national project, with international partnerships?. <i>9th International conference of the UISPP Commission on Flint mining in Pre- and Protohistoric Times<\/i>, Sep 2019, Warsaw Krzemionki, Poland. <a target=\"_blank\" href=\"https:\/\/hal.science\/hal-02397796v1\">&#x27E8;hal-02397796&#x27E9;<\/a><\/li><li>Fran\u00e7oise Bostyn, Jean-Philippe Collin, Pierre Allard, Didier Binder, Vincent Delvigne, et al.. \u00ab GDR SILEX \u00bb: aiming to a better understanding and characterization of siliceous raw material. A french national project, with international partnerships?. <i>9th International Conference of UISPP Commission on Flint Mining in Pre- and Protohistoric Times<\/i>, D. Werra, Sep 2019, Krzemionki, Poland. <a target=\"_blank\" href=\"https:\/\/hal.science\/hal-03964226v1\">&#x27E8;hal-03964226&#x27E9;<\/a><\/li><li>Christophe Tuffery, Paul Fernandes, Vincent Delvigne, C\u00e9line Bressy-Leandri, St\u00e9phane Renault. Collecte, gestion et valorisation des donn\u00e9es sur les formations et les g\u00eetes \u00e0 silex en France : pour des plateformes cartographiques et de publications partag\u00e9es. <i>Session n\u00b0 III-3 (CA) of the XVIIIe UISPP congress. Construire des r\u00e9f\u00e9rentiels partag\u00e9s : Webmapping et arch\u00e9ologie<\/i>, Jun 2018, Paris, France. 8 p., <a target=\"_blank\" href=\"https:\/\/dx.doi.org\/10.21494\/ISTE.OP.2019.0351\">&#x27E8;10.21494\/ISTE.OP.2019.0351&#x27E9;<\/a>. <a target=\"_blank\" href=\"https:\/\/inrap.hal.science\/hal-02117248v1\">&#x27E8;hal-02117248&#x27E9;<\/a><\/li><\/ul><\/div><\/div><br><div class=\"grp-div\"><h3 class=\"wphal-titre-groupe\">Poster de conf\u00e9rence<span class=\"wphal-nbmetadata\" style=\"margin-left:10px\">1 document<\/span><\/h3><div class=\"grp-content\"><ul><li>Christophe Tuffery, Vincent Delvigne, Paul Fernandes. Vers une mod\u00e9lisation des litho-espaces pour la Pr\u00e9histoire. La contribution des PCR R\u00e9seau de lithoth\u00e8ques et du GDR SILEX. <i>XXIIIe colloque du GMPCA<\/i>, May 2022, Chamberry, France. <a target=\"_blank\" href=\"https:\/\/hal.science\/hal-03910675v1\">&#x27E8;hal-03910675&#x27E9;<\/a><\/li><\/ul><\/div><\/div><br><div class=\"grp-div\"><h3 class=\"wphal-titre-groupe\">Chapitres d'ouvrage<span class=\"wphal-nbmetadata\" style=\"margin-left:10px\">1 document<\/span><\/h3><div class=\"grp-content\"><ul><li>Christophe Tuff\u00e9ry, Vincent Delvigne, Paul Fernandes, J\u00e9r\u00e9my Garniaux, St\u00e9phane Renault. Donn\u00e9es et m\u00e9tadonn\u00e9es dans l\u2019hybridation et le bricolage des pratiques des chercheurs en contexte de science ouverte. Un retour d\u2019exp\u00e9rience du GDR \u00ab SILEX \u00bb.. <i>Communication scientifique et science ouverte. Opportunit\u00e9s, tensions et paradoxes - Actes du colloque \u00ab Document num\u00e9rique et soci\u00e9t\u00e9 \u00bb, Li\u00e8ge, 2022<\/i>, <a target=\"_blank\" href=\"https:\/\/www.deboecksuperieur.com\/\">De Boeck<\/a>, 2023, Information et strat\u00e9gie, 9782807357105. <a target=\"_blank\" href=\"https:\/\/inrap.hal.science\/hal-04221933v1\">&#x27E8;hal-04221933&#x27E9;<\/a><\/li><\/ul><\/div><\/div><br><div class=\"grp-div\"><h3 class=\"wphal-titre-groupe\">Article de blog scientifique<span class=\"wphal-nbmetadata\" style=\"margin-left:10px\">2 documents<\/span><\/h3><div class=\"grp-content\"><ul><li>Christophe Tuff\u00e9ry, Vincent Delvigne, Paul Fernandes, C\u00e9line Bressy-Leandri, St\u00e9phane Renault, et al.. PCR R\u00e9seau de lithoth\u00e8ques et le GDR SILEX : des recherches sur les formations \u00e0 silicites et les litho-espaces des groupes pr\u00e9historiques. 2023. <a target=\"_blank\" href=\"https:\/\/inrap.hal.science\/hal-04248435v1\">&#x27E8;hal-04248435&#x27E9;<\/a><\/li><li>Christophe Tuff\u00e9ry, Vincent Delvigne, Paul Fernandes, C\u00e9line Bressy-Leandri, St\u00e9phane Renault, et al.. PCR R\u00e9seau de lithoth\u00e8ques et GDR SILEX : des recherches sur les silicites et les litho-espaces pr\u00e9historiques. 2023. <a target=\"_blank\" href=\"https:\/\/inrap.hal.science\/hal-04248425v1\">&#x27E8;hal-04248425&#x27E9;<\/a><\/li><\/ul><\/div><\/div><br><div class=\"grp-div\"><h3 class=\"wphal-titre-groupe\">Rapports<span class=\"wphal-nbmetadata\" style=\"margin-left:10px\">2 documents<\/span><\/h3><div class=\"grp-content\"><ul><li>Fran\u00e7oise Bostyn, Christophe Borgnon, V\u00e9ronique Brunet, Sylvie Coutard, Marie-France Creusillet, et al.. AEN \u00ab SILEX \u00bb Ressources en silex et techno-\u00e9conomie. PAS R 113 685. Rapport d'activit\u00e9 2019. Centre national de la Pr\u00e9histoire; DRAC de Corse; CEPAM; DST Inrap; SARL Pal\u00e9otime. 2020, pp.28. <a target=\"_blank\" href=\"https:\/\/hal.science\/hal-04600661v1\">&#x27E8;hal-04600661&#x27E9;<\/a><\/li><li>Paul Fernandes, Vincent Delvigne, Erwan Vaissi\u00e9, Michel Piboule, Christophe Tuffery, et al.. R\u00e9seau de lithoth\u00e8ques en Auvergne - Rh\u00f4ne-Alpes. [Rapport de recherche] Pal\u00e9otime; Service r\u00e9gional de l'arch\u00e9ologie Auvergne - Rh\u00f4ne-Alpes. 2019. <a target=\"_blank\" href=\"https:\/\/hal.science\/hal-02549674v1\">&#x27E8;hal-02549674&#x27E9;<\/a><\/li><\/ul><\/div><\/div><br><\/div>\n    <\/div>\n<\/div><div class=\"wphal-footer\"><p style=\"color:#B3B2B0\">Documents r\u00e9cup\u00e9r\u00e9s de l'archive ouverte HAL&nbsp;<a href=\"https:\/\/hal.science\/\" target=\"_blank\"><img decoding=\"async\" alt=\"logo\" src=\"https:\/\/www.cepam.cnrs.fr\/sites\/gdrsilex\/wp-content\/plugins\/hal\/img\/logo-hal.png\" style=\"width:90px\"><\/a><\/p><\/div><\/strong><\/p>\n","protected":false},"excerpt":{"rendered":"","protected":false},"author":1,"featured_media":0,"parent":0,"menu_order":0,"comment_status":"closed","ping_status":"closed","template":"","meta":{"_themeisle_gutenberg_block_has_review":false,"footnotes":""},"categories":[],"tags":[],"_links":{"self":[{"href":"https:\/\/www.cepam.cnrs.fr\/sites\/gdrsilex\/wp-json\/wp\/v2\/pages\/14"}],"collection":[{"href":"https:\/\/www.cepam.cnrs.fr\/sites\/gdrsilex\/wp-json\/wp\/v2\/pages"}],"about":[{"href":"https:\/\/www.cepam.cnrs.fr\/sites\/gdrsilex\/wp-json\/wp\/v2\/types\/page"}],"author":[{"embeddable":true,"href":"https:\/\/www.cepam.cnrs.fr\/sites\/gdrsilex\/wp-json\/wp\/v2\/users\/1"}],"replies":[{"embeddable":true,"href":"https:\/\/www.cepam.cnrs.fr\/sites\/gdrsilex\/wp-json\/wp\/v2\/comments?post=14"}],"version-history":[{"count":1,"href":"https:\/\/www.cepam.cnrs.fr\/sites\/gdrsilex\/wp-json\/wp\/v2\/pages\/14\/revisions"}],"predecessor-version":[{"id":15,"href":"https:\/\/www.cepam.cnrs.fr\/sites\/gdrsilex\/wp-json\/wp\/v2\/pages\/14\/revisions\/15"}],"wp:attachment":[{"href":"https:\/\/www.cepam.cnrs.fr\/sites\/gdrsilex\/wp-json\/wp\/v2\/media?parent=14"}],"wp:term":[{"taxonomy":"category","embeddable":true,"href":"https:\/\/www.cepam.cnrs.fr\/sites\/gdrsilex\/wp-json\/wp\/v2\/categories?post=14"},{"taxonomy":"post_tag","embeddable":true,"href":"https:\/\/www.cepam.cnrs.fr\/sites\/gdrsilex\/wp-json\/wp\/v2\/tags?post=14"}],"curies":[{"name":"wp","href":"https:\/\/api.w.org\/{rel}","templated":true}]}}