{"id":265,"date":"2021-07-02T09:38:56","date_gmt":"2021-07-02T08:38:56","guid":{"rendered":"http:\/\/www.cepam.cnrs.fr\/etygr\/?page_id=265"},"modified":"2021-07-02T09:38:56","modified_gmt":"2021-07-02T08:38:56","slug":"etygr-2018","status":"publish","type":"page","link":"https:\/\/www.cepam.cnrs.fr\/etygr\/?page_id=265","title":{"rendered":"ETYGR 2018"},"content":{"rendered":"<h1><span style=\"color: #6f1922;\"><strong>September 27-29, 2018,\u00a0Cin\u00e9ma de Beaulieu-sur-mer (27) et Maison du S\u00e9minaire, Nice (28-29), France<\/strong><\/span><\/h1>\n<p><strong>Important dates:\u00a0 <\/strong><\/p>\n<ul>\n<li class=\"Style-de-paragraphe-2\"><strong>October 30, 2017<\/strong>: abstract submission deadline<\/li>\n<li class=\"Style-de-paragraphe-2\"><strong>December 05, 2017<\/strong>: Notification of paper acceptance<\/li>\n<li class=\"Style-de-paragraphe-2\"><strong>September 27-29, 2018<\/strong>: Conference date<\/li>\n<\/ul>\n<p><strong>Contact<\/strong><\/p>\n<p><a href=\"mailto:zucker@unice.fr\">zucker@unice.fr<\/a><\/p>\n<p><a href=\"mailto:assoc.etygram@gmail.com\">assoc.etygram@gmail.com<\/a><\/p>\n<p><strong>Dates and Submission<\/strong><\/p>\n<p style=\"text-align: justify;\">The organizers welcome proposals (in French, English, Greek, German, Spanish or Italian.) in ancient and medieval Greek texts. Conference papers will be 30 minutes, with 15 minutes for discussion. Interested scholars from all academic levels are invited to send an abstract of no more than 500 words to zucker@unice.fr and Richard.FAURE@unice.fr by October 30, 2017. Participants will be notified in early December, 2017. Accepted papers will be presented on an equal footing with invited speakers.<\/p>\n<p><strong>Organisation<\/strong><\/p>\n<ul>\n<li><strong><a href=\"http:\/\/physiologos.org\/Physiologos\/Fiche_personnelle.html\" target=\"_blank\" rel=\"noopener\">Arnaud Zucker<\/a> (CEPAM-UMR7264, Univ. Nice Sophia Antipolis, France)<\/strong><\/li>\n<li><strong><a href=\"http:\/\/bcl.cnrs.fr\/rubrique219\" target=\"_blank\" rel=\"noopener\">Richard Faure<\/a> (Univ. Nice Sophia Antipolis, France)<\/strong><\/li>\n<li><strong><a href=\"http:\/\/www.villa-kerylos.com\/en\/school\/practical-information\" target=\"_blank\" rel=\"noopener\">Vassiliki Mavroidakou-Castellana<\/a> (Villa K\u00e9rylos)<\/strong><\/li>\n<\/ul>\n<p><strong>Programme committee:<\/strong><\/p>\n<ul>\n<li>Simone Beta (Univ. Siena,\u00a0<em>Italy<\/em>)<\/li>\n<li>Mich\u00e8le Biraud (Univ. Nice,\u00a0<em>France<\/em>)<\/li>\n<li>Maria Chriti (Centre for the Greek Language, Thessaloniki,\u00a0<em>Greece<\/em>)<\/li>\n<li>Christophe Cusset (Ecole Normale Sup\u00e9rieure de Lyon, <em>France)<\/em><\/li>\n<li>Pierre Destr\u00e9e (UCLouvain, <em>Belgium)<\/em><\/li>\n<li>Richard Faure (Univ. Nice, <em>France)<\/em><\/li>\n<li>Claire Le Feuvre (Universit\u00e9 Paris Sorbonne, <em>France)<\/em><\/li>\n<li>Oliver Hellmann (Univ. Trier, <em>Germany)<\/em><\/li>\n<li>Glenn W. Most (Scuola Normale di Pisa, <em>Italy<\/em>. University of Chicago, <em>USA<\/em>)<\/li>\n<li>Koen Vanhaegendoren (Univ. Li\u00e8ge, <em>Belgium)<\/em><\/li>\n<li>Arnaud Zucker (Univ. Nice, <em>France)<\/em><\/li>\n<\/ul>\n<p><strong>Programme\u00a0: <\/strong><\/p>\n<p><strong>Thursday, September 27 (Beaulieu-sur-mer)<\/strong><\/p>\n<ul>\n<li><strong>14h-17h. <\/strong>Egascol event<\/li>\n<li>Concert by <em>Musiques pr\u00e9sentes (Greek program)<\/em><\/li>\n<\/ul>\n<p><a href=\"http:\/\/www.cepam.cnrs.fr\/etygr\/wp-content\/uploads\/2018\/09\/Programme-concert-OK.pdf\">Programme-concert-Beaulieu<\/a><\/p>\n<p><strong>Friday, September 28 (Le Saint-Paul, Nice)<\/strong><\/p>\n<ul>\n<li><strong>9:00<\/strong>: <em>Welcome &amp; introduction (A. Zucker &amp; R. Faure)<\/em><\/li>\n<li><strong>9:30<\/strong>. D. Sedley (invited speaker).\u00a0 Etymology in Plato\u2019s\u00a0<em>Sophist<\/em>\u2019\n<ul>\n<li><strong>10:20-10:40<\/strong>. <em>Coffee break<\/em><\/li>\n<\/ul>\n<\/li>\n<li><strong>10:40<\/strong>.I. Sluiter. \u201cAnchoring discourses: etymology, genealogy, and the opening riddle of the <em>Cratylus\u201d<\/em><\/li>\n<li><strong>11:20<\/strong>.\u00a0J. Katz. \u201cCratylan Particularities\u201c\n<ul>\n<li><strong>12:00<\/strong>. <em>Lunch<\/em><\/li>\n<\/ul>\n<\/li>\n<li><strong>14:<\/strong><strong>00<\/strong>.\u00a0R.G. Edmonds. \u201cThe Song of the Nightingale:\u00a0 Word Play on the Road to Hades in Plato\u2019s Phaedo\u201c<\/li>\n<li><strong>14:40<\/strong>.\u00a0R. Hunter &amp; R. Laemmle. \u201cPulling Apollo apart\u201c\n<ul>\n<li><strong>15h20-15h40<\/strong>. <em>Coffee break<\/em><\/li>\n<\/ul>\n<\/li>\n<li><strong>15:40<\/strong>.\u00a0E. Peraki Kyriakou. \u201cThe Role of Etymology in the Formation of a Symbol: The Case of Hermes\u201d<\/li>\n<li><strong>16:20<\/strong>.\u00a0T. Polychronis. \u201cL\u2019\u00e9tymologie en tant qu\u2019outil d\u2019explication des origines chez Hellanicos de Lesbos\u201d<\/li>\n<li><strong>17:00<\/strong>.\u00a0N. P. Grintser. \u201c\u2018True\u2019 and \u2018false\u2019 names in Euripides\u2019 Iphigeneia in Aulis\u201c<\/li>\n<\/ul>\n<p><strong>Saturday, September 29\u00a0(Le Saint-Paul, Nice)<\/strong><\/p>\n<ul>\n<li><strong>9:00<\/strong>. R. Maltby (invited speaker). \u201cThe influence of the Greek Stoic tradition on the etymological theory of Varro\u201d<\/li>\n<li><strong>10:00<\/strong>. C. Le Feuvre. \u201cL\u2019\u00e9tymologie scind\u00e9e et la hi\u00e9rarchisation des traits s\u00e9mantiques\u201c\n<ul>\n<li><strong>10:40-11.00.<\/strong> <em>Coffee break<\/em><\/li>\n<\/ul>\n<\/li>\n<li><strong>11:00<\/strong>. N. Rousseau. \u201cLa place des explications \u00ab \u00e9tymologiques \u00bb\u00a0 dans la lexicographie m\u00e9dicale grecque\u201c<\/li>\n<li><strong>11:40<\/strong>. M. Chriti &amp; E. Tsolakopoulos. \u201cThe philosophy of etymology in the \u03a0\u03b5\u03c1\u1f76 \u1f10\u03c4\u03c5\u03bc\u03bf\u03bb\u03bf\u03b3\u03b9\u1ff6\u03bd of Orion of Thebes\u201d\n<ul>\n<li><strong>12:20<\/strong>. <em>Lunch<\/em><\/li>\n<\/ul>\n<\/li>\n<li><strong>14:20<\/strong>. P. Belenfant. \u201cL\u2019\u00e9tymologie des \u00e9pith\u00e8tes divines dans les <em>Hymnes<\/em> de Callimaque\u201d<\/li>\n<li><strong>15:00<\/strong>.D. Krausmuller. \u201cEtymology Applied: Patriarch Methodius&rsquo; Exegesis of Names of Saints\u201d\n<ul>\n<li><strong>15:40-16:00.<\/strong> <em>Coffee break<\/em><\/li>\n<\/ul>\n<\/li>\n<li><strong>16:00<\/strong>.\u00a0J. M. Hudson. \u201cRidentem dicere verum: the Power of Humor in Plutarch\u2019s (and Varro\u2019s) Etymologies\u201c<\/li>\n<li><strong>16:40<\/strong>.\u00a0A. Karanika. \u201cEtymologizing Ancient Games: Performance and Theory of Etymology\u201c<\/li>\n<\/ul>\n<p><strong>Call for paper\u00a0:\u00a0<\/strong><\/p>\n<p style=\"text-align: justify;\">This international conference, to be held in the Villa Kerylos in September 2018 aims to attract researchers, mainly philologists, linguists and philosophers interested in the ancient practice of etymologizing in Ancient Greek and Byzantine literature. It is promoted by the International Association ETYGRAM (http:\/\/www.cepam.cnrs.fr\/etygram\/) devoted to the study of \u201cemic\u201d ancient Greek etymologies and follows a first edition in 2016 (ETYGR-2016). The ancient Greek conception of etymology is fundamentally different from our modern one and has a much broader meaning. To start with, it allows a rather exceptional plasticity (see, e.g., Plato\u2019s\u00a0Cratylus) as far as semantic\u00a0paronomasia is concerned. As ancient scholars understood it, etymology is chiefly a dynamic process aiming at suggesting semantic correlations between words based on phonetic similarities, with a momentous heuristic power. This intellectual game, a very serious one at that, deserves to be investigated since it is neither scientific in character (as modern linguists would describe it), nor labellable as \u201cfolk\u201d etymology. It is rather a cultural construction, which is both an art of punning and an attempt to uncover deep semantic motivations. From Homeric\u00a0epos\u00a0onwards (see Porph.\u00a0ad Il. 9.1.160\u00a0: \u1f49\u03bc\u03b7\u03c1\u03b9\u03ba\u03bf\u1fe6 \u1f44\u03bd\u03c4\u03bf\u03c2 \u03c4\u03bf\u1fe6 \u03c0\u03b1\u03c1\u03b5\u03c4\u03c5\u03bc\u03bf\u03bb\u03bf\u03b3\u03b5\u1fd6\u03bd), where it appears to be a major concern, a tendency to cluster together words from the same putative root or origin seems to become more and more widespread. Some of this spirit is still present in modern practice, although it receives undeserved discredit. The phonetic proximity of words in a language have an unquestionable effect on the unconscious representation of the world and interconnecting paronymic words has ever had intense attractiveness and heuristic and intellectual interest, either in linguistic theories or in puns or wordplay practices.<\/p>\n<p style=\"text-align: justify;\">The organizers welcome proposals (in French, English, Greek, German, Spanish or Italian.) on ancient and medieval Greek texts. Conference papers will be 30 minutes, with 15 minutes for discussion. \u00a0Interested scholars from all academic levels are invited to send an abstract of no more than 500 words to <a href=\"mailto:zucker@unice.fr\">zucker@unice.fr<\/a> and <a href=\"mailto:assoc.etygram@gmail.com\">assoc.etygram@gmail.com<\/a> by October 30, 2017. Participants will be notified in early December, 2017. Accepted papers will be presented on an equal footing with invited speakers. Accommodation and meals expenses will be covered by the organization.<\/p>\n<p style=\"text-align: justify;\">\n","protected":false},"excerpt":{"rendered":"<p>September 27-29, 2018,\u00a0Cin\u00e9ma de Beaulieu-sur-mer (27) et Maison du S\u00e9minaire, Nice (28-29), France Important dates:\u00a0 October 30, 2017: abstract submission deadline December 05, 2017: Notification of paper acceptance September 27-29, 2018: Conference date Contact zucker@unice.fr assoc.etygram@gmail.com Dates and Submission The organizers welcome proposals (in French, English, Greek, German, Spanish or Italian.) in ancient and medieval [&hellip;]<\/p>\n","protected":false},"author":1,"featured_media":0,"parent":196,"menu_order":0,"comment_status":"closed","ping_status":"closed","template":"","meta":{"footnotes":""},"_links":{"self":[{"href":"https:\/\/www.cepam.cnrs.fr\/etygr\/index.php?rest_route=\/wp\/v2\/pages\/265"}],"collection":[{"href":"https:\/\/www.cepam.cnrs.fr\/etygr\/index.php?rest_route=\/wp\/v2\/pages"}],"about":[{"href":"https:\/\/www.cepam.cnrs.fr\/etygr\/index.php?rest_route=\/wp\/v2\/types\/page"}],"author":[{"embeddable":true,"href":"https:\/\/www.cepam.cnrs.fr\/etygr\/index.php?rest_route=\/wp\/v2\/users\/1"}],"replies":[{"embeddable":true,"href":"https:\/\/www.cepam.cnrs.fr\/etygr\/index.php?rest_route=%2Fwp%2Fv2%2Fcomments&post=265"}],"version-history":[{"count":1,"href":"https:\/\/www.cepam.cnrs.fr\/etygr\/index.php?rest_route=\/wp\/v2\/pages\/265\/revisions"}],"predecessor-version":[{"id":266,"href":"https:\/\/www.cepam.cnrs.fr\/etygr\/index.php?rest_route=\/wp\/v2\/pages\/265\/revisions\/266"}],"up":[{"embeddable":true,"href":"https:\/\/www.cepam.cnrs.fr\/etygr\/index.php?rest_route=\/wp\/v2\/pages\/196"}],"wp:attachment":[{"href":"https:\/\/www.cepam.cnrs.fr\/etygr\/index.php?rest_route=%2Fwp%2Fv2%2Fmedia&parent=265"}],"curies":[{"name":"wp","href":"https:\/\/api.w.org\/{rel}","templated":true}]}}