{"id":198,"date":"2017-09-14T10:09:55","date_gmt":"2017-09-14T09:09:55","guid":{"rendered":"http:\/\/www.cepam.cnrs.fr\/zoomathia\/etygr\/?page_id=198"},"modified":"2017-09-14T10:23:26","modified_gmt":"2017-09-14T09:23:26","slug":"etygr-2016","status":"publish","type":"page","link":"https:\/\/www.cepam.cnrs.fr\/etygr\/?page_id=198","title":{"rendered":"ETYGR 2016"},"content":{"rendered":"<h1><span style=\"color: #6f1922;\"><strong>Friday 18th &amp; Saturday 19th March 2016, Beaulieu\/mer (France)<\/strong><\/span><\/h1>\n<p><strong>Recent updates:\u00a0<\/strong><\/p>\n<ul>\n<li class=\"Style-de-paragraphe-2\"><strong>September 15, 2015<\/strong>: abstract submission deadline<\/li>\n<li class=\"Style-de-paragraphe-2\"><strong>October 20, 2015<\/strong>: notification of paper acceptance<\/li>\n<li class=\"Style-de-paragraphe-2\"><strong>March 18-19, 2016<\/strong>: conference date<\/li>\n<\/ul>\n<p><strong>Contact<\/strong><\/p>\n<p><a href=\"mailto:zucker@unice.fr\">zucker@unice.fr<\/a><\/p>\n<p><strong>Dates and Submission<\/strong><\/p>\n<p style=\"text-align: justify;\">We invite papers (10-20 pages) describing researches and innovative ideas covering the topics of the conference. The main focus of the conference is ancient and byzantine Greek texts but studies on modern Greek approaches of ancient language are also possible. Submissions of an abstract (500 words) is expected before september 15 (no extension). Abstracts can be written and talks can be given in French, English, Greek, German, Spanish or Italian. Accepted papers will be published.<\/p>\n<p><strong>Organisation<\/strong><\/p>\n<ul>\n<li><strong><a href=\"http:\/\/physiologos.org\/Physiologos\/Fiche_personnelle.html\" target=\"_blank\">Arnaud Zucker<\/a>\u00a0(CEPAM-UMR7264, Univ. Nice Sophia Antipolis, France)<\/strong><\/li>\n<li><strong><a href=\"http:\/\/portail.unice.fr\/lettres\/departements\/philosophie\/presentation-du-departement-de-philosophie\/enseignants\/elsa-grasso\" target=\"_blank\">Elsa Grasso<\/a>\u00a0(CRHI-EA 4318, Univ. Nice Sophia Antipolis, France)<\/strong><\/li>\n<li><strong><a href=\"http:\/\/www.efa.gr\/index.php\/fr\/ecole-francaise-athenes\/le-mot-du-directeur\/le-mot-du-directeur\" target=\"_blank\">Alexandre Farnoux<\/a>\u00a0(EFA)<\/strong><\/li>\n<li><strong><a href=\"http:\/\/www.villa-kerylos.com\/en\/school\/practical-information\" target=\"_blank\">Vassiliki Mavroidakou-Castellana<\/a>\u00a0(Villa K\u00e9rylos)<\/strong><\/li>\n<\/ul>\n<p><strong>Programme committee:<\/strong><\/p>\n<ul>\n<li>Jorge Bergua (Univ. M\u00e1laga-<em>Spain<\/em>)<\/li>\n<li>Simone Beta (Univ. Siena-<em>Italy<\/em>)<\/li>\n<li>Mich\u00e8le Biraud (Univ. Nice-<em>France<\/em>)<\/li>\n<li>David Bouvier (Univ. Lausanne-<em>Switzerland<\/em>)<\/li>\n<li>Luc Brisson (CNRS, Paris-<em>France<\/em>)<\/li>\n<li>Maria Chriti (Centre for the Greek Language, Thessaloniki-<em>Greece<\/em>)<\/li>\n<li>Alexandre Farnoux (Ecole Fran\u00e7aise d\u2019Ath\u00e8nes-<em>Gr\u00e8ce<\/em>)<\/li>\n<li>Elsa Grasso (Univ. Nice, France)<\/li>\n<li>Charles de Lamberterie (EPHE, Acad\u00e9mie des Inscriptions et Belles Lettres-<em>France<\/em>)<\/li>\n<li>Glenn Most (Univ. Chicago-<em>USA<\/em>, Univ. Pisa-<em>Italy<\/em>)<\/li>\n<li>Koen Vanhaegendoren (Univ. Li\u00e8ge-<em>Belgium<\/em>)<\/li>\n<li>Arnaud Zucker (Univ. Nice, France)<\/li>\n<\/ul>\n<p><strong>Programme\u00a0:<\/strong><\/p>\n<h2>Vendredi 18 mars: matin<\/h2>\n<p>9h Accueil<\/p>\n<p>9h15-9h30 A. Zucker, V. Castellana, A. Farnoux, E. Grasso :\u00a0<em>Ouverture du colloque<\/em><\/p>\n<p><strong>Session\u00a0<span style=\"text-decoration: underline;\">Th\u00e9orie et conception antique<\/span><\/strong><\/p>\n<p><em>Pr\u00e9sident de s\u00e9ance :\u00a0<strong>Glenn Most<\/strong><\/em><\/p>\n<p>9h30-10h.\u00a0<strong>Elsa Bouchard (Univ. Montr\u00e9al,\u00a0<em>Canada<\/em>) :\u00a0<\/strong><em>\u00c9tiologie linguistique et discours th\u00e9ologique d\u2019H\u00e9siode \u00e0 Platon<\/em><\/p>\n<p>10h-10h30.\u00a0<strong>Claire LeFeuvre (Univ. Paris Sorbonne, France) :\u00a0<\/strong><em>Les \u00e9l\u00e9ments implicites dans les raisonnements \u00e9tymologiques des scholiastes<\/em><\/p>\n<p>10h30-11h. Pause<\/p>\n<p>11h-11h30.\u00a0<strong>Marco Romani Mistretta (Univ. Harvard, USA) :\u00a0<\/strong><em>Naming the Art, or the Art of Naming: The Etymology of Techne in Plato\u2019s Cratylus<\/em>\u00a011h30-<\/p>\n<p>11h30-12h.\u00a0<strong>Daniel Petit (ENS Paris, France) :\u00a0<\/strong><em>L\u2019\u00e9tymologie par le contraire chez les Grecs<\/em><\/p>\n<p>12h-12h30. Discussion<\/p>\n<p>12h45. D\u00e9jeuner<\/p>\n<p>&nbsp;<\/p>\n<h2>Vendredi 18 mars: apr\u00e8s-midi<\/h2>\n<p>&nbsp;<\/p>\n<p><strong>Session\u00a0<span style=\"text-decoration: underline;\">Th\u00e9orie et pratiques sp\u00e9cifiques<\/span><\/strong><\/p>\n<p><em>Pr\u00e9sident de s\u00e9ance :\u00a0<strong>Elsa Grasso<\/strong><\/em><\/p>\n<p>14h30-15h.\u00a0<strong>Nathalie Rousseau (Univ. Paris Sorbonne, France) :\u00a0<\/strong><em>\u1f4d<\/em><em>\u03c4\u03b9\u00a0<\/em><em>\u1f00<\/em><em>\u03bb\u03b1\u03b6<\/em><em>\u1f7d<\/em><em>\u03bd\u00a0<\/em><em>\u1f10<\/em><em>\u03c3<\/em><em>\u03c4\u03b9 \u03bc<\/em><em>\u1f71<\/em><em>\u03c1\u03c4\u03c5\u03c2\u00a0<\/em><em>\u1f21<\/em>\u00a0<em>\u1f10<\/em><em>\u03c4\u03c5\u03bc\u03bf\u03bb\u03bf\u03b3<\/em><em>\u1f77<\/em><em>\u03b1\u00a0: Th\u00e9ories et pratiques \u00e9tymologiques chez Galien de Pergame<\/em><\/p>\n<p>15h-15h30.\u00a0<strong>Andrea Filoni (Univ. Milan, Italie) :\u00a0<\/strong><em>L\u2019uso dell\u2019etimologia nel \u03a0\u03b5\u03c1<\/em><em>\u1f76<\/em><em>\u00a0\u03b8\u03b5<\/em><em>\u1ff6<\/em><em>\u03bd di Apollodoro di Atene (e nel suo mediatore Porfirio): uso scientifico o ideologico?<\/em><\/p>\n<p>15h30-16h.\u00a0<strong>Maria Chriti (\u039a\u03ad\u03bd\u03c4\u03c1\u03bf \u0395\u03bb\u03bb\u03b7\u03bd\u03b9\u03ba\u03ae\u03c2 \u0393\u03bb\u03ce\u03c3\u03c3\u03b1\u03c2-\u0398\u03b5\u03c3\u03c3\u03b1\u03bb\u03bf\u03bd\u03af\u03ba\u03b7, Gr\u00e8ce) :\u00a0<\/strong><em>L\u2018\u00c9tymologie\u2019 comme outil humain pour les commentateurs n\u00e9oplatoniciens d\u2019Aristote<\/em><\/p>\n<p>16h-16h30. Pause<\/p>\n<p>16h30-17h00\u00a0<strong>David Driscoll (Univ. Stanford, USA) :\u00a0<\/strong><em>Spurning Glosses: Etymological Interpretation of Poetry as a Social Phenomenon at Plutarch\u2019s Symposia<\/em><\/p>\n<p>17h00-17h30\u00a0<strong>Georgia Kolovou (Univ. Nanterre Paris X, France)\u00a0<\/strong>:\u00a0<em>The reception of the etymology in the Commentary of Eustathios on Homer\u2019s Iliad<\/em><\/p>\n<p>18h-19h30\u00a0:\u00a0<strong>Cin\u00e9ma<\/strong><\/p>\n<p>20h30\u00a0: D\u00eener<\/p>\n<p>&nbsp;<\/p>\n<h2>Samedi 19 mars: matin<\/h2>\n<p>&nbsp;<\/p>\n<p><strong>Session\u00a0<span style=\"text-decoration: underline;\">Ressource po\u00e9tique et jeux de mots<\/span><\/strong><\/p>\n<p><em>Pr\u00e9sident de s\u00e9ance :\u00a0<strong>Arnaud Zucker<\/strong><\/em><\/p>\n<p>9h00-9h30.\u00a0<strong>Pierre Destr\u00e9e (Univ. Louvain, Belgique)\u00a0<\/strong><em>Platon et l\u2019usage humoristique des noms propres<\/em><\/p>\n<p>9h30-10h.\u00a0<strong>Christophe Cusset (ENS Lyon, France) :\u00a0<\/strong><em>L&rsquo;\u00e9tymologie comme ressource po\u00e9tique chez les po\u00e8tes alexandrins<\/em><\/p>\n<p>10h-10h30.\u00a0<strong>Beno\u00eet Louyest (Univ. Montpellier III, France) :\u00a0<\/strong><em>Assaisonnements \u00e9tymologiques. Les jeux sur le langage dans le Banquet des sophistes d\u2019Ath\u00e9n\u00e9e<\/em><\/p>\n<p>10h30-11h. Pause<\/p>\n<p>11h-11h30.\u00a0<strong>Valentin Decloquement (Univ. Lille III, France) :\u00a0<\/strong><em>Etymologie fallacieuse et jeux de mots. Les questions hom\u00e9riques factices de Ptol\u00e9m\u00e9e Chennos<\/em><\/p>\n<p>11h30-12h.\u00a0<strong>Simone Beta (Univ. Siena,\u00a0<em>Italie<\/em>) :\u00a0<\/strong><em>Jouer (et s\u2019amuser) avec la litt\u00e9rature. Les jeux de mots dans la po\u00e9sie grecque.<\/em><\/p>\n<p>12h-12h30. Discussion<\/p>\n<p>12h45. D\u00e9jeuner<\/p>\n<p>14h30-16h. Visite Guid\u00e9e ou libre de la villa K\u00e9rylos<\/p>\n<p><strong>Call for paper\u00a0:\u00a0<\/strong><\/p>\n<p style=\"text-align: justify;\">This international conference to be held in the Villa Kerylos in March 2016 (03\/18-19) aims to attract researchers, mainly philologists and linguists interested in the etymology of Greek language (ancient, Byzantine and modern as well). The ancient Greek conception of etymology is fundamentally different from our modern one and has a much broader meaning. To start with, it allows a rather exceptional plasticity (see, e.g., Plato\u2019s\u00a0<em>Cratylus<\/em>) as far as semantic\u00a0<em>paronomasia<\/em>\u00a0is concerned. As ancient scholars understood it, etymology is chiefly a dynamic process aiming at suggesting semantic correlations between words based on phonetic similarities, with a momentous heuristic power. This intellectual game, a very serious one at that, deserves to be investigated since neither is it scientific in character (as modern linguists would describe it) nor can it be labelled as \u201cfolk\u201d etymology. It is rather a cultural construction, which is both an art of punning and an attempt to uncover deep semantic motivations. From Homeric\u00a0<em>epos<\/em>\u00a0onwards (see Porph.\u00a0<em>ad Il. 9.1.160\u00a0<\/em>: \u1f49\u03bc\u03b7\u03c1\u03b9\u03ba\u03bf\u1fe6 \u1f44\u03bd\u03c4\u03bf\u03c2 \u03c4\u03bf\u1fe6 \u03c0\u03b1\u03c1\u03b5\u03c4\u03c5\u03bc\u03bf\u03bb\u03bf\u03b3\u03b5\u1fd6\u03bd), where it appears to be a major concern, a tendency to cluster together words from the same suppoed root or origin seems to become more and more widespread. Some of this spirit is still present in modern practice, although it receives an unmerited discredit. The phonetic proximity of words in a language have an unquestionable effect in the unconscious representation of the world and interconnecting paronymic words has ever had intense attractiveness and heuristic and intellectual interest, either in linguistic theories or in puns or wordplay practices.<\/p>\n<p style=\"text-align: justify;\"><em>One of the issues of this conference is to attract Greek scholars and strengthen scientific relations between Greece and Nice. Another aspect we intend to support in this event is the large diachronic investigation on Greek language from antiquity to modern time.<\/em><\/p>\n<p style=\"text-align: justify;\">\n","protected":false},"excerpt":{"rendered":"<p>Friday 18th &amp; Saturday 19th March 2016, Beaulieu\/mer (France) Recent updates:\u00a0 September 15, 2015: abstract submission deadline October 20, 2015: notification of paper acceptance March 18-19, 2016: conference date Contact zucker@unice.fr Dates and Submission We invite papers (10-20 pages) describing researches and innovative ideas covering the topics of the conference. The main focus of the [&hellip;]<\/p>\n","protected":false},"author":1,"featured_media":0,"parent":196,"menu_order":0,"comment_status":"closed","ping_status":"open","template":"","meta":{"footnotes":""},"_links":{"self":[{"href":"https:\/\/www.cepam.cnrs.fr\/etygr\/index.php?rest_route=\/wp\/v2\/pages\/198"}],"collection":[{"href":"https:\/\/www.cepam.cnrs.fr\/etygr\/index.php?rest_route=\/wp\/v2\/pages"}],"about":[{"href":"https:\/\/www.cepam.cnrs.fr\/etygr\/index.php?rest_route=\/wp\/v2\/types\/page"}],"author":[{"embeddable":true,"href":"https:\/\/www.cepam.cnrs.fr\/etygr\/index.php?rest_route=\/wp\/v2\/users\/1"}],"replies":[{"embeddable":true,"href":"https:\/\/www.cepam.cnrs.fr\/etygr\/index.php?rest_route=%2Fwp%2Fv2%2Fcomments&post=198"}],"version-history":[{"count":3,"href":"https:\/\/www.cepam.cnrs.fr\/etygr\/index.php?rest_route=\/wp\/v2\/pages\/198\/revisions"}],"predecessor-version":[{"id":202,"href":"https:\/\/www.cepam.cnrs.fr\/etygr\/index.php?rest_route=\/wp\/v2\/pages\/198\/revisions\/202"}],"up":[{"embeddable":true,"href":"https:\/\/www.cepam.cnrs.fr\/etygr\/index.php?rest_route=\/wp\/v2\/pages\/196"}],"wp:attachment":[{"href":"https:\/\/www.cepam.cnrs.fr\/etygr\/index.php?rest_route=%2Fwp%2Fv2%2Fmedia&parent=198"}],"curies":[{"name":"wp","href":"https:\/\/api.w.org\/{rel}","templated":true}]}}